{"id":584,"date":"2020-10-13T06:47:01","date_gmt":"2020-10-13T06:47:01","guid":{"rendered":"http:\/\/localhost\/razzi\/?page_id=584"},"modified":"2022-04-19T21:46:00","modified_gmt":"2022-04-19T21:46:00","slug":"contacto","status":"publish","type":"page","link":"https:\/\/racco.mx\/?page_id=584","title":{"rendered":"Contacto"},"content":{"rendered":"\t\t<div data-elementor-type=\"wp-page\" data-elementor-id=\"584\" class=\"elementor elementor-584\">\n\t\t\t\t\t\t\t\t\t<section class=\"elementor-section elementor-top-section elementor-element elementor-element-4aa52abf elementor-section-boxed elementor-section-height-default elementor-section-height-default\" data-id=\"4aa52abf\" data-element_type=\"section\">\n\t\t\t\t\t\t<div class=\"elementor-container elementor-column-gap-wider\">\n\t\t\t\t\t<div class=\"elementor-column elementor-col-50 elementor-top-column elementor-element elementor-element-7382697d\" data-id=\"7382697d\" data-element_type=\"column\">\n\t\t\t<div class=\"elementor-widget-wrap elementor-element-populated\">\n\t\t\t\t\t\t\t\t<div class=\"elementor-element elementor-element-36caade elementor-position-left elementor-vertical-align-middle elementor-view-default elementor-widget elementor-widget-razzi-icon-box\" data-id=\"36caade\" data-element_type=\"widget\" data-widget_type=\"razzi-icon-box.default\">\n\t\t\t\t<div class=\"elementor-widget-container\">\n\t\t\t\t\t<div class=\"razzi-icon-box\">\n\t\t\t\t\t\t<div class=\"razzi-icon-box__icon\">\n\t\t\t\t<span class=\"razzi-img-icon elementor-animation-\" >\n\t\t\t\t<img decoding=\"async\" src=\"https:\/\/demo4.drfuri.com\/razzi18\/wp-content\/uploads\/sites\/38\/2022\/03\/ct_svg_1.svg\" alt=\"Llamanos\" \/>\t\t\t\t<\/span>\n\t\t\t<\/div>\n\t\t\t\t\t\t<div class=\"razzi-icon-box__content\">\n\t\t\t\t<h3 class=\"razzi-icon-box__title\">\n\t\t\t\t\t<span  >\n\t\t\t\t\t\tLlamanos\t\t\t\t\t<\/span>\n\t\t\t\t<\/h3>\n\t\t\t\t\t\t\t<\/div>\n\t\t<\/div>\n\t\t\t\t<\/div>\n\t\t\t\t<\/div>\n\t\t\t\t<div class=\"elementor-element elementor-element-c03848f elementor-widget elementor-widget-text-editor\" data-id=\"c03848f\" data-element_type=\"widget\" data-widget_type=\"text-editor.default\">\n\t\t\t\t<div class=\"elementor-widget-container\">\n\t\t\t<style>\/*! elementor - v3.6.4 - 13-04-2022 *\/\n.elementor-widget-text-editor.elementor-drop-cap-view-stacked .elementor-drop-cap{background-color:#818a91;color:#fff}.elementor-widget-text-editor.elementor-drop-cap-view-framed .elementor-drop-cap{color:#818a91;border:3px solid;background-color:transparent}.elementor-widget-text-editor:not(.elementor-drop-cap-view-default) .elementor-drop-cap{margin-top:8px}.elementor-widget-text-editor:not(.elementor-drop-cap-view-default) .elementor-drop-cap-letter{width:1em;height:1em}.elementor-widget-text-editor .elementor-drop-cap{float:left;text-align:center;line-height:1;font-size:50px}.elementor-widget-text-editor .elementor-drop-cap-letter{display:inline-block}<\/style>\t\t\t\t<p>9 am &#8211; 6 pm<br \/>Lunes a s\u00e1bado<\/p>\t\t\t\t\t\t<\/div>\n\t\t\t\t<\/div>\n\t\t\t\t<div class=\"elementor-element elementor-element-b5ca46 elementor-widget elementor-widget-heading\" data-id=\"b5ca46\" data-element_type=\"widget\" data-widget_type=\"heading.default\">\n\t\t\t\t<div class=\"elementor-widget-container\">\n\t\t\t<style>\/*! elementor - v3.6.4 - 13-04-2022 *\/\n.elementor-heading-title{padding:0;margin:0;line-height:1}.elementor-widget-heading .elementor-heading-title[class*=elementor-size-]>a{color:inherit;font-size:inherit;line-height:inherit}.elementor-widget-heading .elementor-heading-title.elementor-size-small{font-size:15px}.elementor-widget-heading .elementor-heading-title.elementor-size-medium{font-size:19px}.elementor-widget-heading .elementor-heading-title.elementor-size-large{font-size:29px}.elementor-widget-heading .elementor-heading-title.elementor-size-xl{font-size:39px}.elementor-widget-heading .elementor-heading-title.elementor-size-xxl{font-size:59px}<\/style><h6 class=\"elementor-heading-title elementor-size-default\">Atenci\u00f3n a clientes:\n<\/h6>\t\t<\/div>\n\t\t\t\t<\/div>\n\t\t\t\t<div class=\"elementor-element elementor-element-52405bdc elementor-widget elementor-widget-text-editor\" data-id=\"52405bdc\" data-element_type=\"widget\" data-widget_type=\"text-editor.default\">\n\t\t\t\t<div class=\"elementor-widget-container\">\n\t\t\t\t\t\t\t<p>(618) 130 1222<\/p>\t\t\t\t\t\t<\/div>\n\t\t\t\t<\/div>\n\t\t\t\t<div class=\"elementor-element elementor-element-5c84aea4 elementor-widget elementor-widget-heading\" data-id=\"5c84aea4\" data-element_type=\"widget\" data-widget_type=\"heading.default\">\n\t\t\t\t<div class=\"elementor-widget-container\">\n\t\t\t<h6 class=\"elementor-heading-title elementor-size-default\">Cotizaciones:<\/h6>\t\t<\/div>\n\t\t\t\t<\/div>\n\t\t\t\t<div class=\"elementor-element elementor-element-47288f9f elementor-widget elementor-widget-text-editor\" data-id=\"47288f9f\" data-element_type=\"widget\" data-widget_type=\"text-editor.default\">\n\t\t\t\t<div class=\"elementor-widget-container\">\n\t\t\t\t\t\t\t<p>(618) 134 3301<\/p>\t\t\t\t\t\t<\/div>\n\t\t\t\t<\/div>\n\t\t\t\t<div class=\"elementor-element elementor-element-c754f39 elementor-position-left elementor-vertical-align-middle elementor-view-default elementor-widget elementor-widget-razzi-icon-box\" data-id=\"c754f39\" data-element_type=\"widget\" data-widget_type=\"razzi-icon-box.default\">\n\t\t\t\t<div class=\"elementor-widget-container\">\n\t\t\t\t\t<div class=\"razzi-icon-box\">\n\t\t\t\t\t\t<div class=\"razzi-icon-box__icon\">\n\t\t\t\t<span class=\"razzi-img-icon elementor-animation-\" >\n\t\t\t\t<img decoding=\"async\" src=\"https:\/\/demo4.drfuri.com\/razzi18\/wp-content\/uploads\/sites\/38\/2022\/03\/ct_svg_2.svg\" alt=\"Escribenos\" \/>\t\t\t\t<\/span>\n\t\t\t<\/div>\n\t\t\t\t\t\t<div class=\"razzi-icon-box__content\">\n\t\t\t\t<h3 class=\"razzi-icon-box__title\">\n\t\t\t\t\t<span  >\n\t\t\t\t\t\tEscribenos\t\t\t\t\t<\/span>\n\t\t\t\t<\/h3>\n\t\t\t\t\t\t\t<\/div>\n\t\t<\/div>\n\t\t\t\t<\/div>\n\t\t\t\t<\/div>\n\t\t\t\t<div class=\"elementor-element elementor-element-1ef1f6a7 elementor-widget elementor-widget-text-editor\" data-id=\"1ef1f6a7\" data-element_type=\"widget\" data-widget_type=\"text-editor.default\">\n\t\t\t\t<div class=\"elementor-widget-container\">\n\t\t\t\t\t\t\t<p>9 am &#8211; 6 pm<br \/>Lunes a sabado<\/p>\t\t\t\t\t\t<\/div>\n\t\t\t\t<\/div>\n\t\t\t\t<div class=\"elementor-element elementor-element-5a9682d2 elementor-widget elementor-widget-heading\" data-id=\"5a9682d2\" data-element_type=\"widget\" data-widget_type=\"heading.default\">\n\t\t\t\t<div class=\"elementor-widget-container\">\n\t\t\t<h6 class=\"elementor-heading-title elementor-size-default\">Atenci\u00f3n a clientes:\n<\/h6>\t\t<\/div>\n\t\t\t\t<\/div>\n\t\t\t\t<div class=\"elementor-element elementor-element-745edb2c elementor-widget elementor-widget-text-editor\" data-id=\"745edb2c\" data-element_type=\"widget\" data-widget_type=\"text-editor.default\">\n\t\t\t\t<div class=\"elementor-widget-container\">\n\t\t\t\t\t\t\t<p>grupo_racco@hotmail.com<\/p>\t\t\t\t\t\t<\/div>\n\t\t\t\t<\/div>\n\t\t\t\t<div class=\"elementor-element elementor-element-68c2cfa elementor-position-left elementor-vertical-align-middle elementor-view-default elementor-widget elementor-widget-razzi-icon-box\" data-id=\"68c2cfa\" data-element_type=\"widget\" data-widget_type=\"razzi-icon-box.default\">\n\t\t\t\t<div class=\"elementor-widget-container\">\n\t\t\t\t\t<div class=\"razzi-icon-box\">\n\t\t\t\t\t\t<div class=\"razzi-icon-box__icon\">\n\t\t\t\t<span class=\"razzi-img-icon elementor-animation-\" >\n\t\t\t\t<img decoding=\"async\" src=\"https:\/\/demo4.drfuri.com\/razzi18\/wp-content\/uploads\/sites\/38\/2022\/03\/ct_svg_3.svg\" alt=\"Ubicaci\u00f3n\" \/>\t\t\t\t<\/span>\n\t\t\t<\/div>\n\t\t\t\t\t\t<div class=\"razzi-icon-box__content\">\n\t\t\t\t<h3 class=\"razzi-icon-box__title\">\n\t\t\t\t\t<span  >\n\t\t\t\t\t\tUbicaci\u00f3n\t\t\t\t\t<\/span>\n\t\t\t\t<\/h3>\n\t\t\t\t\t\t\t<\/div>\n\t\t<\/div>\n\t\t\t\t<\/div>\n\t\t\t\t<\/div>\n\t\t\t\t<div class=\"elementor-element elementor-element-2f3ebce6 elementor-widget elementor-widget-text-editor\" data-id=\"2f3ebce6\" data-element_type=\"widget\" data-widget_type=\"text-editor.default\">\n\t\t\t\t<div class=\"elementor-widget-container\">\n\t\t\t\t\t\t\t<p>Calle J. Guadalupe Aguilera 520 C, Guillermina, 34270 Durango, Dgo.<\/p>\t\t\t\t\t\t<\/div>\n\t\t\t\t<\/div>\n\t\t\t\t\t<\/div>\n\t\t<\/div>\n\t\t\t\t<div class=\"elementor-column elementor-col-50 elementor-top-column elementor-element elementor-element-2502251d\" data-id=\"2502251d\" data-element_type=\"column\">\n\t\t\t<div class=\"elementor-widget-wrap elementor-element-populated\">\n\t\t\t\t\t\t\t\t<div class=\"elementor-element elementor-element-3f8db7de elementor-widget elementor-widget-razzi-contact-form-7\" data-id=\"3f8db7de\" data-element_type=\"widget\" data-widget_type=\"razzi-contact-form-7.default\">\n\t\t\t\t<div class=\"elementor-widget-container\">\n\t\t\t\t\t<div class=\"razzi-contact-form-7\">\n\t\t\t<div role=\"form\" class=\"wpcf7\" id=\"wpcf7-f598-o1\" lang=\"en-US\" dir=\"ltr\">\n<div class=\"screen-reader-response\"><p role=\"status\" aria-live=\"polite\" aria-atomic=\"true\"><\/p> <ul><\/ul><\/div>\n<form action=\"\/index.php?rest_route=%2Fwp%2Fv2%2Fpages%2F584#wpcf7-f598-o1\" method=\"post\" class=\"wpcf7-form init\" novalidate=\"novalidate\" data-status=\"init\">\n<div style=\"display: none;\">\n<input type=\"hidden\" name=\"_wpcf7\" value=\"598\" \/>\n<input type=\"hidden\" name=\"_wpcf7_version\" value=\"5.5.6\" \/>\n<input type=\"hidden\" name=\"_wpcf7_locale\" value=\"en_US\" \/>\n<input type=\"hidden\" name=\"_wpcf7_unit_tag\" value=\"wpcf7-f598-o1\" \/>\n<input type=\"hidden\" name=\"_wpcf7_container_post\" value=\"0\" \/>\n<input type=\"hidden\" name=\"_wpcf7_posted_data_hash\" value=\"\" \/>\n<\/div>\n<p><span class=\"wpcf7-form-control-wrap text-928\"><input type=\"text\" name=\"text-928\" value=\"\" size=\"40\" class=\"wpcf7-form-control wpcf7-text wpcf7-validates-as-required\" aria-required=\"true\" aria-invalid=\"false\" placeholder=\"Your Name *\" \/><\/span><br \/>\n<span class=\"wpcf7-form-control-wrap email-845\"><input type=\"email\" name=\"email-845\" value=\"\" size=\"40\" class=\"wpcf7-form-control wpcf7-text wpcf7-email wpcf7-validates-as-required wpcf7-validates-as-email\" aria-required=\"true\" aria-invalid=\"false\" placeholder=\"Your Email *\" \/><\/span><br \/>\n<span class=\"wpcf7-form-control-wrap text-847\"><input type=\"text\" name=\"text-847\" value=\"\" size=\"40\" class=\"wpcf7-form-control wpcf7-text\" aria-invalid=\"false\" placeholder=\"Your Phone\" \/><\/span><br \/>\n<span class=\"wpcf7-form-control-wrap text-928\"><input type=\"text\" name=\"text-928\" value=\"\" size=\"40\" class=\"wpcf7-form-control wpcf7-text wpcf7-validates-as-required\" aria-required=\"true\" aria-invalid=\"false\" placeholder=\"Your Title *\" \/><\/span><br \/>\n<span class=\"wpcf7-form-control-wrap textarea-595\"><textarea name=\"textarea-595\" cols=\"40\" rows=\"10\" class=\"wpcf7-form-control wpcf7-textarea wpcf7-validates-as-required\" aria-required=\"true\" aria-invalid=\"false\" placeholder=\"Message *\"><\/textarea><\/span><\/p>\n<p><input type=\"submit\" value=\"Send Message\" class=\"wpcf7-form-control has-spinner wpcf7-submit\" \/><\/p>\n<div class=\"wpcf7-response-output\" aria-hidden=\"true\"><\/div><\/form><\/div>\t\t<\/div>\n\t\t\t\t<\/div>\n\t\t\t\t<\/div>\n\t\t\t\t<div class=\"elementor-element elementor-element-f49ad67 elementor-widget elementor-widget-spacer\" data-id=\"f49ad67\" data-element_type=\"widget\" data-widget_type=\"spacer.default\">\n\t\t\t\t<div class=\"elementor-widget-container\">\n\t\t\t<style>\/*! elementor - v3.6.4 - 13-04-2022 *\/\n.e-container.e-container--row .elementor-spacer-inner{width:var(--spacer-size)}.e-container.e-container--column .elementor-spacer-inner,.elementor-column .elementor-spacer-inner{height:var(--spacer-size)}<\/style>\t\t<div class=\"elementor-spacer\">\n\t\t\t<div class=\"elementor-spacer-inner\"><\/div>\n\t\t<\/div>\n\t\t\t\t<\/div>\n\t\t\t\t<\/div>\n\t\t\t\t<div class=\"elementor-element elementor-element-18bb951 elementor-widget elementor-widget-google_maps\" data-id=\"18bb951\" data-element_type=\"widget\" data-widget_type=\"google_maps.default\">\n\t\t\t\t<div class=\"elementor-widget-container\">\n\t\t\t<style>\/*! elementor - v3.6.4 - 13-04-2022 *\/\n.elementor-widget-google_maps .elementor-widget-container{overflow:hidden}.elementor-widget-google_maps iframe{height:300px}<\/style>\t\t<div class=\"elementor-custom-embed\">\n\t\t\t<iframe frameborder=\"0\" scrolling=\"no\" marginheight=\"0\" marginwidth=\"0\"\n\t\t\t\t\tsrc=\"https:\/\/maps.google.com\/maps?q=jose%20guadalupe%20aguilera%20520%20c%20guillermina&#038;t=m&#038;z=13&#038;output=embed&#038;iwloc=near\"\n\t\t\t\t\ttitle=\"jose guadalupe aguilera 520 c guillermina\"\n\t\t\t\t\taria-label=\"jose guadalupe aguilera 520 c guillermina\"\n\t\t\t><\/iframe>\n\t\t<\/div>\n\t\t\t\t<\/div>\n\t\t\t\t<\/div>\n\t\t\t\t\t<\/div>\n\t\t<\/div>\n\t\t\t\t\t\t\t<\/div>\n\t\t<\/section>\n\t\t\t\t\t\t\t<\/div>\n\t\t","protected":false},"excerpt":{"rendered":"<p>Llamanos 9 am &#8211; 6 pmLunes a s\u00e1bado Atenci\u00f3n a clientes: (618) 130 1222 Cotizaciones: (618) 134 3301 Escribenos 9 am &#8211; 6 pmLunes a sabado Atenci\u00f3n a clientes: grupo_racco@hotmail.com Ubicaci\u00f3n Calle J. Guadalupe Aguilera 520 C, Guillermina, 34270 Durango, Dgo.<\/p>\n","protected":false},"author":1,"featured_media":0,"parent":0,"menu_order":0,"comment_status":"closed","ping_status":"closed","template":"","meta":{"footnotes":""},"class_list":["post-584","page","type-page","status-publish","hentry"],"_links":{"self":[{"href":"https:\/\/racco.mx\/index.php?rest_route=\/wp\/v2\/pages\/584","targetHints":{"allow":["GET"]}}],"collection":[{"href":"https:\/\/racco.mx\/index.php?rest_route=\/wp\/v2\/pages"}],"about":[{"href":"https:\/\/racco.mx\/index.php?rest_route=\/wp\/v2\/types\/page"}],"author":[{"embeddable":true,"href":"https:\/\/racco.mx\/index.php?rest_route=\/wp\/v2\/users\/1"}],"replies":[{"embeddable":true,"href":"https:\/\/racco.mx\/index.php?rest_route=%2Fwp%2Fv2%2Fcomments&post=584"}],"version-history":[{"count":32,"href":"https:\/\/racco.mx\/index.php?rest_route=\/wp\/v2\/pages\/584\/revisions"}],"predecessor-version":[{"id":13720,"href":"https:\/\/racco.mx\/index.php?rest_route=\/wp\/v2\/pages\/584\/revisions\/13720"}],"wp:attachment":[{"href":"https:\/\/racco.mx\/index.php?rest_route=%2Fwp%2Fv2%2Fmedia&parent=584"}],"curies":[{"name":"wp","href":"https:\/\/api.w.org\/{rel}","templated":true}]}}