{"id":6602,"date":"2020-12-28T02:51:34","date_gmt":"2020-12-28T02:51:34","guid":{"rendered":"https:\/\/demo4.drfuri.com\/razzi\/?page_id=6602"},"modified":"2022-04-21T19:34:42","modified_gmt":"2022-04-21T19:34:42","slug":"mantenimiento-e-innovacion","status":"publish","type":"page","link":"https:\/\/racco.mx\/?page_id=6602","title":{"rendered":"Mantenimiento y conservaci\u00f3n"},"content":{"rendered":"\t\t<div data-elementor-type=\"wp-page\" data-elementor-id=\"6602\" class=\"elementor elementor-6602\">\n\t\t\t\t\t\t\t\t\t<section class=\"elementor-section elementor-top-section elementor-element elementor-element-c34fc37 elementor-section-boxed elementor-section-height-default elementor-section-height-default\" data-id=\"c34fc37\" data-element_type=\"section\">\n\t\t\t\t\t\t<div class=\"elementor-container elementor-column-gap-default\">\n\t\t\t\t\t<div class=\"elementor-column elementor-col-100 elementor-top-column elementor-element elementor-element-0871e61\" data-id=\"0871e61\" data-element_type=\"column\">\n\t\t\t<div class=\"elementor-widget-wrap elementor-element-populated\">\n\t\t\t\t\t\t\t\t<div class=\"elementor-element elementor-element-e5e6665 elementor-widget elementor-widget-razzi-products-grid\" data-id=\"e5e6665\" data-element_type=\"widget\" data-settings=\"{&quot;category&quot;:&quot;mantenimiento&quot;,&quot;per_page&quot;:8,&quot;columns&quot;:4,&quot;products&quot;:&quot;recent&quot;}\" data-widget_type=\"razzi-products-grid.default\">\n\t\t\t\t<div class=\"elementor-widget-container\">\n\t\t\t\t\t<div class=\"razzi-products-grid woocommerce\">\n\t\t\t<div class=\"product-content\"><ul class=\"products columns-4\">\n<li class=\"product type-product post-14054 status-publish first instock product_cat-mantenimiento product_cat-planeacion product_cat-urbanizacion has-post-thumbnail shipping-taxable product-type-simple\">\n\t<a href=\"https:\/\/racco.mx\/?product=rehabilitacion-pavimento-de-calle-julio-diaz-torre-y-carolina-villanueva-de-garcia-cd-industrial-aguascalientes-copia\" class=\"woocommerce-LoopProduct-link woocommerce-loop-product__link\"><img loading=\"lazy\" decoding=\"async\" width=\"491\" height=\"541\" src=\"https:\/\/racco.mx\/wp-content\/uploads\/2022\/04\/VDGF.png\" class=\"attachment-woocommerce_thumbnail size-woocommerce_thumbnail\" alt=\"\" srcset=\"https:\/\/racco.mx\/wp-content\/uploads\/2022\/04\/VDGF.png 491w, https:\/\/racco.mx\/wp-content\/uploads\/2022\/04\/VDGF-272x300.png 272w\" sizes=\"auto, (max-width: 491px) 100vw, 491px\" \/><h2 class=\"woocommerce-loop-product__title\">Rehabilitaci\u00f3n pavimento de calle Julio D\u00edaz Torre y Carolina Villanueva de Garc\u00eda, Cd. Industrial, Aguascalientes (copia)<\/h2>\n<\/a><a href=\"https:\/\/racco.mx\/?product=rehabilitacion-pavimento-de-calle-julio-diaz-torre-y-carolina-villanueva-de-garcia-cd-industrial-aguascalientes-copia\" data-quantity=\"1\" class=\"button product_type_simple\" data-product_id=\"14054\" data-product_sku=\"\" aria-label=\"Read more about &ldquo;Rehabilitaci\u00f3n pavimento de calle Julio D\u00edaz Torre y Carolina Villanueva de Garc\u00eda, Cd. Industrial, Aguascalientes (copia)&rdquo;\" rel=\"nofollow\">Read more<\/a><\/li>\n<li class=\"product type-product post-14032 status-publish instock product_cat-mantenimiento product_cat-planeacion product_cat-urbanizacion shipping-taxable product-type-simple\">\n\t<a href=\"https:\/\/racco.mx\/?product=14032\" class=\"woocommerce-LoopProduct-link woocommerce-loop-product__link\"><img loading=\"lazy\" decoding=\"async\" width=\"570\" height=\"684\" src=\"https:\/\/racco.mx\/wp-content\/uploads\/woocommerce-placeholder-570x684.png\" class=\"woocommerce-placeholder wp-post-image\" alt=\"Placeholder\" srcset=\"https:\/\/racco.mx\/wp-content\/uploads\/woocommerce-placeholder-570x684.png 570w, https:\/\/racco.mx\/wp-content\/uploads\/woocommerce-placeholder-130x156.png 130w\" sizes=\"auto, (max-width: 570px) 100vw, 570px\" \/><h2 class=\"woocommerce-loop-product__title\">Rehabilitaci\u00f3n pavimento de calle Julio D\u00edaz Torre y Carolina Villanueva de Garc\u00eda, Cd. Industrial, Aguascalientes<\/h2>\n<\/a><a href=\"https:\/\/racco.mx\/?product=14032\" data-quantity=\"1\" class=\"button product_type_simple\" data-product_id=\"14032\" data-product_sku=\"\" aria-label=\"Read more about &ldquo;Rehabilitaci\u00f3n pavimento de calle Julio D\u00edaz Torre y Carolina Villanueva de Garc\u00eda, Cd. Industrial, Aguascalientes&rdquo;\" rel=\"nofollow\">Read more<\/a><\/li>\n<li class=\"product type-product post-14028 status-publish instock product_cat-mantenimiento product_cat-personal shipping-taxable product-type-simple\">\n\t<a href=\"https:\/\/racco.mx\/?product=modernizacion-mediante-la-construccion-de-terracerias-obras-de-drenaje-pavimentacion-obras-complementarias-estructuras-senalamiento-horizontal-y-vertical-de-8-kilometros-de-la-carretera-e-c-tal\" class=\"woocommerce-LoopProduct-link woocommerce-loop-product__link\"><img loading=\"lazy\" decoding=\"async\" width=\"570\" height=\"684\" src=\"https:\/\/racco.mx\/wp-content\/uploads\/woocommerce-placeholder-570x684.png\" class=\"woocommerce-placeholder wp-post-image\" alt=\"Placeholder\" srcset=\"https:\/\/racco.mx\/wp-content\/uploads\/woocommerce-placeholder-570x684.png 570w, https:\/\/racco.mx\/wp-content\/uploads\/woocommerce-placeholder-130x156.png 130w\" sizes=\"auto, (max-width: 570px) 100vw, 570px\" \/><h2 class=\"woocommerce-loop-product__title\">Modernizaci\u00f3n mediante la construcci\u00f3n de terracer\u00edas, obras de drenaje, pavimentaci\u00f3n, obras complementarias, estructuras, se\u00f1alamiento horizontal y vertical de 8 kil\u00f3metros de la carretera. E.C.(Tala-Ameca)<\/h2>\n<\/a><a href=\"https:\/\/racco.mx\/?product=modernizacion-mediante-la-construccion-de-terracerias-obras-de-drenaje-pavimentacion-obras-complementarias-estructuras-senalamiento-horizontal-y-vertical-de-8-kilometros-de-la-carretera-e-c-tal\" data-quantity=\"1\" class=\"button product_type_simple\" data-product_id=\"14028\" data-product_sku=\"\" aria-label=\"Read more about &ldquo;Modernizaci\u00f3n mediante la construcci\u00f3n de terracer\u00edas, obras de drenaje, pavimentaci\u00f3n, obras complementarias, estructuras, se\u00f1alamiento horizontal y vertical de 8 kil\u00f3metros de la carretera. E.C.(Tala-Ameca)&rdquo;\" rel=\"nofollow\">Read more<\/a><\/li>\n<li class=\"product type-product post-14025 status-publish last instock product_cat-innovacion product_cat-mantenimiento product_cat-personal product_cat-planeacion product_cat-tecnologias-de-punta product_cat-urbanizacion has-post-thumbnail shipping-taxable product-type-simple\">\n\t<a href=\"https:\/\/racco.mx\/?product=rehabilitacion-del-pavimento-de-la-avenida-aguascalientes\" class=\"woocommerce-LoopProduct-link woocommerce-loop-product__link\"><img loading=\"lazy\" decoding=\"async\" width=\"491\" height=\"541\" src=\"https:\/\/racco.mx\/wp-content\/uploads\/2022\/04\/JK.JK_..png\" class=\"attachment-woocommerce_thumbnail size-woocommerce_thumbnail\" alt=\"\" srcset=\"https:\/\/racco.mx\/wp-content\/uploads\/2022\/04\/JK.JK_..png 491w, https:\/\/racco.mx\/wp-content\/uploads\/2022\/04\/JK.JK_.-272x300.png 272w\" sizes=\"auto, (max-width: 491px) 100vw, 491px\" \/><h2 class=\"woocommerce-loop-product__title\">Rehabilitaci\u00f3n del pavimento de la Avenida Aguascalientes<\/h2>\n<\/a><a href=\"https:\/\/racco.mx\/?product=rehabilitacion-del-pavimento-de-la-avenida-aguascalientes\" data-quantity=\"1\" class=\"button product_type_simple\" data-product_id=\"14025\" data-product_sku=\"\" aria-label=\"Read more about &ldquo;Rehabilitaci\u00f3n del pavimento de la Avenida Aguascalientes&rdquo;\" rel=\"nofollow\">Read more<\/a><\/li>\n<li class=\"product type-product post-14016 status-publish first instock product_cat-mantenimiento product_cat-personal product_cat-planeacion product_cat-tecnologias-de-punta product_cat-urbanizacion has-post-thumbnail shipping-taxable product-type-simple\">\n\t<a href=\"https:\/\/racco.mx\/?product=urbanizacion-y-servicios-de-zona-1-norte-en-parque-industrial-de-logistica-automotriz\" class=\"woocommerce-LoopProduct-link woocommerce-loop-product__link\"><img loading=\"lazy\" decoding=\"async\" width=\"491\" height=\"541\" src=\"https:\/\/racco.mx\/wp-content\/uploads\/2022\/04\/KK.K.png\" class=\"attachment-woocommerce_thumbnail size-woocommerce_thumbnail\" alt=\"\" srcset=\"https:\/\/racco.mx\/wp-content\/uploads\/2022\/04\/KK.K.png 491w, https:\/\/racco.mx\/wp-content\/uploads\/2022\/04\/KK.K-272x300.png 272w\" sizes=\"auto, (max-width: 491px) 100vw, 491px\" \/><h2 class=\"woocommerce-loop-product__title\">Urbanizaci\u00f3n y servicios de zona 1 norte en Parque Industrial de Log\u00edstica Automotriz<\/h2>\n<\/a><a href=\"https:\/\/racco.mx\/?product=urbanizacion-y-servicios-de-zona-1-norte-en-parque-industrial-de-logistica-automotriz\" data-quantity=\"1\" class=\"button product_type_simple\" data-product_id=\"14016\" data-product_sku=\"\" aria-label=\"Read more about &ldquo;Urbanizaci\u00f3n y servicios de zona 1 norte en Parque Industrial de Log\u00edstica Automotriz&rdquo;\" rel=\"nofollow\">Read more<\/a><\/li>\n<li class=\"product type-product post-14009 status-publish instock product_cat-mantenimiento product_cat-personal has-post-thumbnail shipping-taxable product-type-simple\">\n\t<a href=\"https:\/\/racco.mx\/?product=suministro-e-instalacion-de-redes-hidraulica-sanitaria-pluvial-y-de-gas-correspondiente-a-la-obra-parque-industrial-san-francisco-iv\" class=\"woocommerce-LoopProduct-link woocommerce-loop-product__link\"><img loading=\"lazy\" decoding=\"async\" width=\"491\" height=\"541\" src=\"https:\/\/racco.mx\/wp-content\/uploads\/2022\/04\/HDGHDGH.png\" class=\"attachment-woocommerce_thumbnail size-woocommerce_thumbnail\" alt=\"\" srcset=\"https:\/\/racco.mx\/wp-content\/uploads\/2022\/04\/HDGHDGH.png 491w, https:\/\/racco.mx\/wp-content\/uploads\/2022\/04\/HDGHDGH-272x300.png 272w\" sizes=\"auto, (max-width: 491px) 100vw, 491px\" \/><h2 class=\"woocommerce-loop-product__title\">Suministro e instalacion de redes hidraulica, sanitaria, pluvial y de gas, correspondiente a la obra: parque industrial San Francisco IV<\/h2>\n<\/a><a href=\"https:\/\/racco.mx\/?product=suministro-e-instalacion-de-redes-hidraulica-sanitaria-pluvial-y-de-gas-correspondiente-a-la-obra-parque-industrial-san-francisco-iv\" data-quantity=\"1\" class=\"button product_type_simple\" data-product_id=\"14009\" data-product_sku=\"\" aria-label=\"Read more about &ldquo;Suministro e instalacion de redes hidraulica, sanitaria, pluvial y de gas, correspondiente a la obra: parque industrial San Francisco IV&rdquo;\" rel=\"nofollow\">Read more<\/a><\/li>\n<li class=\"product type-product post-14006 status-publish instock product_cat-mantenimiento product_cat-personal has-post-thumbnail shipping-taxable product-type-simple\">\n\t<a href=\"https:\/\/racco.mx\/?product=movimiento-de-tierras-y-vialidades-de-la-obra-denominada-parque-industrial-san-francisco-iv\" class=\"woocommerce-LoopProduct-link woocommerce-loop-product__link\"><img loading=\"lazy\" decoding=\"async\" width=\"491\" height=\"541\" src=\"https:\/\/racco.mx\/wp-content\/uploads\/2022\/04\/fhdfhd.png\" class=\"attachment-woocommerce_thumbnail size-woocommerce_thumbnail\" alt=\"\" srcset=\"https:\/\/racco.mx\/wp-content\/uploads\/2022\/04\/fhdfhd.png 491w, https:\/\/racco.mx\/wp-content\/uploads\/2022\/04\/fhdfhd-272x300.png 272w\" sizes=\"auto, (max-width: 491px) 100vw, 491px\" \/><h2 class=\"woocommerce-loop-product__title\">Movimiento de tierras y vialidades de la obra denominada Parque Industrial San Francisco IV<\/h2>\n<\/a><a href=\"https:\/\/racco.mx\/?product=movimiento-de-tierras-y-vialidades-de-la-obra-denominada-parque-industrial-san-francisco-iv\" data-quantity=\"1\" class=\"button product_type_simple\" data-product_id=\"14006\" data-product_sku=\"\" aria-label=\"Read more about &ldquo;Movimiento de tierras y vialidades de la obra denominada Parque Industrial San Francisco IV&rdquo;\" rel=\"nofollow\">Read more<\/a><\/li>\n<li class=\"product type-product post-14003 status-publish last instock product_cat-mantenimiento product_cat-personal product_cat-planeacion product_cat-urbanizacion has-post-thumbnail shipping-taxable product-type-simple\">\n\t<a href=\"https:\/\/racco.mx\/?product=construccion-de-calzadas-laterales-carretera-federal-no-45-sur-leon\" class=\"woocommerce-LoopProduct-link woocommerce-loop-product__link\"><img loading=\"lazy\" decoding=\"async\" width=\"491\" height=\"541\" src=\"https:\/\/racco.mx\/wp-content\/uploads\/2022\/04\/HDTH.png\" class=\"attachment-woocommerce_thumbnail size-woocommerce_thumbnail\" alt=\"\" srcset=\"https:\/\/racco.mx\/wp-content\/uploads\/2022\/04\/HDTH.png 491w, https:\/\/racco.mx\/wp-content\/uploads\/2022\/04\/HDTH-272x300.png 272w\" sizes=\"auto, (max-width: 491px) 100vw, 491px\" \/><h2 class=\"woocommerce-loop-product__title\">Construcci\u00f3n de calzadas laterales Carretera Federal No. 45 sur Le\u00f3n<\/h2>\n<\/a><a href=\"https:\/\/racco.mx\/?product=construccion-de-calzadas-laterales-carretera-federal-no-45-sur-leon\" data-quantity=\"1\" class=\"button product_type_simple\" data-product_id=\"14003\" data-product_sku=\"\" aria-label=\"Read more about &ldquo;Construcci\u00f3n de calzadas laterales Carretera Federal No. 45 sur Le\u00f3n&rdquo;\" rel=\"nofollow\">Read more<\/a><\/li>\n<\/ul>\n<\/div>\t\t<\/div>\n\t\t\t\t<\/div>\n\t\t\t\t<\/div>\n\t\t\t\t\t<\/div>\n\t\t<\/div>\n\t\t\t\t\t\t\t<\/div>\n\t\t<\/section>\n\t\t\t\t\t\t\t<\/div>\n\t\t","protected":false},"excerpt":{"rendered":"<p>Pavimentaci\u00f3n en la carretera federal San Juan &#8211; Xilitla. Leer m\u00e1s Leer m\u00e1s Quick View Add to wishlist Pavimentaci\u00f3n en la carretera federal Bernal &#8211; Higuerillas. Leer m\u00e1s Leer m\u00e1s Quick View Add to wishlist<\/p>\n","protected":false},"author":1,"featured_media":0,"parent":0,"menu_order":0,"comment_status":"closed","ping_status":"closed","template":"","meta":{"footnotes":""},"class_list":["post-6602","page","type-page","status-publish","hentry"],"_links":{"self":[{"href":"https:\/\/racco.mx\/index.php?rest_route=\/wp\/v2\/pages\/6602","targetHints":{"allow":["GET"]}}],"collection":[{"href":"https:\/\/racco.mx\/index.php?rest_route=\/wp\/v2\/pages"}],"about":[{"href":"https:\/\/racco.mx\/index.php?rest_route=\/wp\/v2\/types\/page"}],"author":[{"embeddable":true,"href":"https:\/\/racco.mx\/index.php?rest_route=\/wp\/v2\/users\/1"}],"replies":[{"embeddable":true,"href":"https:\/\/racco.mx\/index.php?rest_route=%2Fwp%2Fv2%2Fcomments&post=6602"}],"version-history":[{"count":5,"href":"https:\/\/racco.mx\/index.php?rest_route=\/wp\/v2\/pages\/6602\/revisions"}],"predecessor-version":[{"id":13957,"href":"https:\/\/racco.mx\/index.php?rest_route=\/wp\/v2\/pages\/6602\/revisions\/13957"}],"wp:attachment":[{"href":"https:\/\/racco.mx\/index.php?rest_route=%2Fwp%2Fv2%2Fmedia&parent=6602"}],"curies":[{"name":"wp","href":"https:\/\/api.w.org\/{rel}","templated":true}]}}