{"id":13953,"date":"2022-04-21T18:55:20","date_gmt":"2022-04-21T18:55:20","guid":{"rendered":"https:\/\/racco.mx\/?post_type=product&#038;p=13953"},"modified":"2022-04-21T20:15:49","modified_gmt":"2022-04-21T20:15:49","slug":"modernizacion-y-ampliacion-carretera-norias-de-ojocaliente","status":"publish","type":"product","link":"https:\/\/racco.mx\/?product=modernizacion-y-ampliacion-carretera-norias-de-ojocaliente","title":{"rendered":"La Luz a Secci\u00f3n Tipo A2, Tramo Km. 9+100 a Km 12+300, Aguascalientes, Ags."},"content":{"rendered":"<p>SECRETARIA DE INFRAESTRUCTURA Y COMUNICACIONES DEL GOBIERNO DEL ESTADO DE AGUASCALIENTES<\/p>\n<p>MUNICIPIO DE AGUASCALIENTES, ESTADO DE AGUASCALIENTES<\/p>\n","protected":false},"excerpt":{"rendered":"<p>La Luz a Secci\u00f3n Tipo A2, Tramo Km. 9+100 a Km 12+300, Aguascalientes, Ags.,<br \/>\nPara la Secretar\u00eda de Infraestructura y Comunicaciones, del Gobierno del Estado de Aguascalientes, en el a\u00f1o 2015 ($19&#8217;151,731.11 incluye IVA) (contrato Vo.Bo.-0073-018-15 del 30 de junio de 2014, con per\u00edodo de ejecuci\u00f3n del 13 de agosto de 2015 al 10 de diciembre de 2015)<br \/>\nTERRACERIAS<br \/>\n&#8211; OBRAS DE DRENAJE<br \/>\n&#8211; TRABAJOS DIVERSOS<br \/>\n&#8211; GUARNICIONES, BANQUETAS Y BORDILLOS<br \/>\n&#8211; BASE HIDR\u00c1ULICA<br \/>\n&#8211; RIEGO DE LIGA<br \/>\n&#8211; CARPETA DE CONCRETO ASF\u00c1LTICO<br \/>\n&#8211; RIEGO DE SELLO<br \/>\n&#8211; SE\u00d1ALAMIENTO<\/p>\n<p>-ESTRUCTURAS DE PUENTE<\/p>\n<p>-RIEGO DE IMPREGNACION<\/p>\n<p>&nbsp;<\/p>\n<p>&nbsp;<\/p>\n","protected":false},"featured_media":0,"template":"","meta":[],"product_cat":[170,178],"product_tag":[],"class_list":{"0":"post-13953","1":"product","2":"type-product","3":"status-publish","5":"product_cat-mantenimiento","6":"product_cat-urbanizacion","8":"first","9":"instock","10":"shipping-taxable","11":"product-type-simple"},"_links":{"self":[{"href":"https:\/\/racco.mx\/index.php?rest_route=\/wp\/v2\/product\/13953","targetHints":{"allow":["GET"]}}],"collection":[{"href":"https:\/\/racco.mx\/index.php?rest_route=\/wp\/v2\/product"}],"about":[{"href":"https:\/\/racco.mx\/index.php?rest_route=\/wp\/v2\/types\/product"}],"wp:attachment":[{"href":"https:\/\/racco.mx\/index.php?rest_route=%2Fwp%2Fv2%2Fmedia&parent=13953"}],"wp:term":[{"taxonomy":"product_cat","embeddable":true,"href":"https:\/\/racco.mx\/index.php?rest_route=%2Fwp%2Fv2%2Fproduct_cat&post=13953"},{"taxonomy":"product_tag","embeddable":true,"href":"https:\/\/racco.mx\/index.php?rest_route=%2Fwp%2Fv2%2Fproduct_tag&post=13953"}],"curies":[{"name":"wp","href":"https:\/\/api.w.org\/{rel}","templated":true}]}}