{"id":13955,"date":"2022-04-21T19:21:13","date_gmt":"2022-04-21T19:21:13","guid":{"rendered":"https:\/\/racco.mx\/?post_type=product&#038;p=13955"},"modified":"2022-04-21T20:14:54","modified_gmt":"2022-04-21T20:14:54","slug":"modernizacion-y-ampliacion-carretera-el-novillovilla-juarez","status":"publish","type":"product","link":"https:\/\/racco.mx\/?product=modernizacion-y-ampliacion-carretera-el-novillovilla-juarez","title":{"rendered":"Modernizaci\u00f3n y Ampliaci\u00f3n Carretera El NovilloVilla Ju\u00e1rez"},"content":{"rendered":"<p>SECRETARIA DE INFRAESTRUCTURA Y COMUNICACIONES DEL GOBIERNO DEL ESTADO DE AGUASCALIENTES<\/p>\n<p>MUNICIPIO DE AGUASCALIENTES, ESTADO DE AGUASCALIENTES<\/p>\n","protected":false},"excerpt":{"rendered":"<p>Modernizaci\u00f3n y Ampliaci\u00f3n Carretera El NovilloVilla Ju\u00e1rez a Secci\u00f3n Tipo A2, Tramo Km 0+000 a Km 2+200, Amarillas de Esparza, Asientos, Ags, Para la Secretar\u00eda de Infraestructura y Comunicaciones, del Gobierno del Estado de Aguascalientes, en el a\u00f1o 2015 ($13&#8217;082,189.99 incluye IVA) (contrato Vo.Bo.-0073-018-15 del 30 de junio de 2014, con per\u00edodo de ejecuci\u00f3n del 14 de julio de 2015 al 10 de diciembre de 2015)<br \/>\n&#8211; OBRAS DE DRENAJE<br \/>\n&#8211; TRABAJOS DIVERSOS<br \/>\n&#8211; GUARNICIONES, BANQUETAS Y BORDILLOS<br \/>\n&#8211; BASE HIDR\u00c1ULICA<br \/>\n&#8211; RIEGO DE LIGA<br \/>\n&#8211; CARPETA DE CONCRETO ASF\u00c1LTICO<br \/>\n&#8211; RIEGO DE SELLO<br \/>\n&#8211; SE\u00d1ALAMIENTO<\/p>\n<p>-ESTRUCTURAS DE PUENTE<\/p>\n<p>-RIEGO DE IMPREGNACION<\/p>\n<p>&nbsp;<\/p>\n<p>&nbsp;<\/p>\n","protected":false},"featured_media":0,"template":"","meta":[],"product_cat":[170,178],"product_tag":[],"class_list":{"0":"post-13955","1":"product","2":"type-product","3":"status-publish","5":"product_cat-mantenimiento","6":"product_cat-urbanizacion","8":"first","9":"instock","10":"shipping-taxable","11":"product-type-simple"},"_links":{"self":[{"href":"https:\/\/racco.mx\/index.php?rest_route=\/wp\/v2\/product\/13955","targetHints":{"allow":["GET"]}}],"collection":[{"href":"https:\/\/racco.mx\/index.php?rest_route=\/wp\/v2\/product"}],"about":[{"href":"https:\/\/racco.mx\/index.php?rest_route=\/wp\/v2\/types\/product"}],"wp:attachment":[{"href":"https:\/\/racco.mx\/index.php?rest_route=%2Fwp%2Fv2%2Fmedia&parent=13955"}],"wp:term":[{"taxonomy":"product_cat","embeddable":true,"href":"https:\/\/racco.mx\/index.php?rest_route=%2Fwp%2Fv2%2Fproduct_cat&post=13955"},{"taxonomy":"product_tag","embeddable":true,"href":"https:\/\/racco.mx\/index.php?rest_route=%2Fwp%2Fv2%2Fproduct_tag&post=13955"}],"curies":[{"name":"wp","href":"https:\/\/api.w.org\/{rel}","templated":true}]}}