{"id":13956,"date":"2022-04-21T19:28:43","date_gmt":"2022-04-21T19:28:43","guid":{"rendered":"https:\/\/racco.mx\/?post_type=product&#038;p=13956"},"modified":"2022-04-21T20:14:23","modified_gmt":"2022-04-21T20:14:23","slug":"modernizacion-y-ampliacion-de-la-carretera-vinedos-rivier-san-marcos","status":"publish","type":"product","link":"https:\/\/racco.mx\/?product=modernizacion-y-ampliacion-de-la-carretera-vinedos-rivier-san-marcos","title":{"rendered":"Modernizaci\u00f3n y ampliaci\u00f3n de la carretera: Vi\u00f1edos Rivier- San Marcos"},"content":{"rendered":"<p>SECRETARIA DE INFRAESTRUCTURA Y COMUNICACIONES DEL GOBIERNO DEL ESTADO DE AGUASCALIENTES<\/p>\n<p>CARRETERA RIVIERSAN MARCOS, KM. 31+800 AL KM. 35+000, EN EL ESTADO DE AGUASCALIENTES<\/p>\n","protected":false},"excerpt":{"rendered":"<p>Modernizaci\u00f3n y ampliaci\u00f3n de la carretera: Vi\u00f1edos Rivier- San Marcos; (carretera federal 25), Subtramo del km. 31+800 al km. 35+800, Trabajos consistentes en terracer\u00edas, obras de drenaje, pavimento, obras complementarias, se\u00f1alamiento y obra inducida y estructuras, en el estado de Aguascalientes. Para la Secretar\u00eda de Comunicaciones y Transportes, Centro SCT Aguascalientes, en el a\u00f1o 2015 ($37\u2019164,440.91 inc. IVA) (contrato 2015-01-CE-A-012-W-00-2015 de fecha 19 de marzo de 2015., con per\u00edodo de ejecuci\u00f3n del 01 de abril de 2015 al 28 de septiembre del 2015)<\/p>\n<p>TERRACERIAS<br \/>\n&#8211; OBRAS DE DRENAJE<br \/>\n&#8211; SUB-RASANTE<br \/>\n&#8211; BASE HIDR\u00c1ULICA<br \/>\n&#8211; RIEGO DE IMPREGNACION CON EMULSION ASFALTICA<br \/>\n&#8211; RIEGO DE LIGA CON EMULSION ASFALTICA<br \/>\n&#8211; PAVIMENTACION CON CONCRETO ASFALTICO GRADO PG 76-22 Y FIBRA SINTETICA\u00a0 ACRILICA<br \/>\n&#8211; TRABAJOS DIVERSOS<br \/>\n&#8211; SE\u00d1ALIZACION<br \/>\n&#8211; CUMPLIMIENTO EN MATERIA DE IMPACTO AMBIENTAL<\/p>\n<p>&nbsp;<\/p>\n","protected":false},"featured_media":0,"template":"","meta":[],"product_cat":[170,178],"product_tag":[],"class_list":{"0":"post-13956","1":"product","2":"type-product","3":"status-publish","5":"product_cat-mantenimiento","6":"product_cat-urbanizacion","8":"first","9":"instock","10":"shipping-taxable","11":"product-type-simple"},"_links":{"self":[{"href":"https:\/\/racco.mx\/index.php?rest_route=\/wp\/v2\/product\/13956","targetHints":{"allow":["GET"]}}],"collection":[{"href":"https:\/\/racco.mx\/index.php?rest_route=\/wp\/v2\/product"}],"about":[{"href":"https:\/\/racco.mx\/index.php?rest_route=\/wp\/v2\/types\/product"}],"wp:attachment":[{"href":"https:\/\/racco.mx\/index.php?rest_route=%2Fwp%2Fv2%2Fmedia&parent=13956"}],"wp:term":[{"taxonomy":"product_cat","embeddable":true,"href":"https:\/\/racco.mx\/index.php?rest_route=%2Fwp%2Fv2%2Fproduct_cat&post=13956"},{"taxonomy":"product_tag","embeddable":true,"href":"https:\/\/racco.mx\/index.php?rest_route=%2Fwp%2Fv2%2Fproduct_tag&post=13956"}],"curies":[{"name":"wp","href":"https:\/\/api.w.org\/{rel}","templated":true}]}}