{"id":13960,"date":"2022-04-21T19:47:13","date_gmt":"2022-04-21T19:47:13","guid":{"rendered":"https:\/\/racco.mx\/?post_type=product&#038;p=13960"},"modified":"2022-04-21T20:13:15","modified_gmt":"2022-04-21T20:13:15","slug":"pavimento-hidraulico-c-jardin-del-estudiante-col-lindavista-aguascalientes","status":"publish","type":"product","link":"https:\/\/racco.mx\/?product=pavimento-hidraulico-c-jardin-del-estudiante-col-lindavista-aguascalientes","title":{"rendered":"Pavimento hidr\u00e1ulico C. Jardin del Estudiante, Col. Lindavista, Aguascalientes"},"content":{"rendered":"<p>SECRETARIA DE OBRAS PUBLICAS DEL MUNICIPIO DE AGUASCALIENTES<\/p>\n<p>CIUDAD DE AGUASCALIENTES, EDO. DE AGUASCALIENTES<\/p>\n","protected":false},"excerpt":{"rendered":"<p>Pavimento hidr\u00e1ulico C. Jardin del Estudiante, Col. Lindavista, Aguascalientes, Ags. Para la Secretar\u00eda de Obras P\u00fablicas del Ayuntamiento de Aguascalientes, en el a\u00f1o 2014 ($2&#8217;750,386.74 inc. IVA) (contrato PRORE-0103- 2014 del 01 de diciembre de 2014, con per\u00edodo de ejecuci\u00f3n del 02 de diciembre de 2014 al 21 de marzo de 2015)<\/p>\n<p>&#8211; BASE HIDRAULICA<br \/>\n&#8211; &#8211; DEMOLICIINES Y ACARREOS<br \/>\n&#8211; TERRACERIAS<br \/>\n&#8211; PAVIMENTACION CON CONCRETO HIDRAULICO<br \/>\n&#8211; GUARNICIONES DE<br \/>\nCONCRETO HIDR\u00c1ULICO<br \/>\n&#8211; BANQUETAS DE CONCRETO<br \/>\nHIDR\u00c1ULICO<br \/>\n&#8211; OBRAS COMPLEMENTARIAS<br \/>\n&#8211; SE\u00d1ALAMIENTO<\/p>\n","protected":false},"featured_media":0,"template":"","meta":[],"product_cat":[178],"product_tag":[],"class_list":{"0":"post-13960","1":"product","2":"type-product","3":"status-publish","5":"product_cat-urbanizacion","7":"first","8":"instock","9":"shipping-taxable","10":"product-type-simple"},"_links":{"self":[{"href":"https:\/\/racco.mx\/index.php?rest_route=\/wp\/v2\/product\/13960","targetHints":{"allow":["GET"]}}],"collection":[{"href":"https:\/\/racco.mx\/index.php?rest_route=\/wp\/v2\/product"}],"about":[{"href":"https:\/\/racco.mx\/index.php?rest_route=\/wp\/v2\/types\/product"}],"wp:attachment":[{"href":"https:\/\/racco.mx\/index.php?rest_route=%2Fwp%2Fv2%2Fmedia&parent=13960"}],"wp:term":[{"taxonomy":"product_cat","embeddable":true,"href":"https:\/\/racco.mx\/index.php?rest_route=%2Fwp%2Fv2%2Fproduct_cat&post=13960"},{"taxonomy":"product_tag","embeddable":true,"href":"https:\/\/racco.mx\/index.php?rest_route=%2Fwp%2Fv2%2Fproduct_tag&post=13960"}],"curies":[{"name":"wp","href":"https:\/\/api.w.org\/{rel}","templated":true}]}}