{"id":13962,"date":"2022-04-21T20:06:01","date_gmt":"2022-04-21T20:06:01","guid":{"rendered":"https:\/\/racco.mx\/?post_type=product&#038;p=13962"},"modified":"2022-04-21T20:12:09","modified_gmt":"2022-04-21T20:12:09","slug":"construccion-y-modernizacion-del-tercer-anillo-de-circunvalacion-poniente","status":"publish","type":"product","link":"https:\/\/racco.mx\/?product=construccion-y-modernizacion-del-tercer-anillo-de-circunvalacion-poniente","title":{"rendered":"Construcci\u00f3n y Modernizaci\u00f3n del Tercer Anillo de Circunvalaci\u00f3n Poniente"},"content":{"rendered":"<p>SECRETARIA DE INFRAESTRUCTURA Y COMUNICACIONES DEL GOBIERNO DEL ESTADO DE AGUASCALIENTES<\/p>\n<p>CIUDAD DE AGUASCALIENTES, ESTADO DE AGUASCALIENTES<\/p>\n","protected":false},"excerpt":{"rendered":"<p>Construcci\u00f3n y Modernizaci\u00f3n del Tercer Anillo de Circunvalaci\u00f3n Poniente Tramo Km. 5+800 a Km. 6+700, Aguascalientes, Ags. Para la Secretar\u00eda de Infraestructura y Comunicaciones, del Gobierno del Estado de Aguascalientes, en el a\u00f1o 2014 ($16&#8217;872,052.31 incluye IVA) (contrato FOES-005-005-13 del 30 de junio de 2014, con per\u00edodo de ejecuci\u00f3n del 14 de julio de 2014 al 10 de marzo de 2015)<\/p>\n<p>TERRACERIAS<br \/>\n&#8211; OBRAS DE DRENAJE<br \/>\n&#8211; BASE HIDR\u00c1ULICA ESTABILIZADA CON CEMENTO GRIS<br \/>\n&#8211; RIEGO DE IMPREGNACION<br \/>\n&#8211; RIEGO DE LIGA<br \/>\n&#8211; CARPETA DE CONCRETO ASF\u00c1LTICO DE GRANULOMETR\u00cdA DENSA<br \/>\n&#8211; CICLOV\u00cdA<br \/>\n&#8211; ALUMBRADO P\u00daBLICO<br \/>\n&#8211; SE\u00d1ALAMIENTO<\/p>\n","protected":false},"featured_media":0,"template":"","meta":[],"product_cat":[170,173,162],"product_tag":[],"class_list":{"0":"post-13962","1":"product","2":"type-product","3":"status-publish","5":"product_cat-mantenimiento","6":"product_cat-planeacion","7":"product_cat-plataformas-y-cimentacion","9":"first","10":"instock","11":"shipping-taxable","12":"product-type-simple"},"_links":{"self":[{"href":"https:\/\/racco.mx\/index.php?rest_route=\/wp\/v2\/product\/13962","targetHints":{"allow":["GET"]}}],"collection":[{"href":"https:\/\/racco.mx\/index.php?rest_route=\/wp\/v2\/product"}],"about":[{"href":"https:\/\/racco.mx\/index.php?rest_route=\/wp\/v2\/types\/product"}],"wp:attachment":[{"href":"https:\/\/racco.mx\/index.php?rest_route=%2Fwp%2Fv2%2Fmedia&parent=13962"}],"wp:term":[{"taxonomy":"product_cat","embeddable":true,"href":"https:\/\/racco.mx\/index.php?rest_route=%2Fwp%2Fv2%2Fproduct_cat&post=13962"},{"taxonomy":"product_tag","embeddable":true,"href":"https:\/\/racco.mx\/index.php?rest_route=%2Fwp%2Fv2%2Fproduct_tag&post=13962"}],"curies":[{"name":"wp","href":"https:\/\/api.w.org\/{rel}","templated":true}]}}