{"id":13964,"date":"2022-04-21T20:16:29","date_gmt":"2022-04-21T20:16:29","guid":{"rendered":"https:\/\/racco.mx\/?post_type=product&#038;p=13964"},"modified":"2022-04-21T20:21:13","modified_gmt":"2022-04-21T20:21:13","slug":"modernizacion-de-la-carretera-aguascalientes-agostaderito-tanque-de-los-jimenez","status":"publish","type":"product","link":"https:\/\/racco.mx\/?product=modernizacion-de-la-carretera-aguascalientes-agostaderito-tanque-de-los-jimenez","title":{"rendered":"Modernizaci\u00f3n de la Carretera Aguascalientes Agostaderito-Tanque de los Jim\u00e9nez"},"content":{"rendered":"<p>SECRETARIA DE INFRAESTRUCTURA Y COMUNICACIONES DEL GOBIERNO DEL ESTADO DE AGUASCALIENTES<\/p>\n<p>MUNICIPIO DE AGUASCALIENTES, ESTADO DE AGUASCALIENTES<\/p>\n","protected":false},"excerpt":{"rendered":"<p>Modernizaci\u00f3n de la Carretera AguascalientesAgostaderito-Tanque de los Jim\u00e9nez, a secci\u00f3n tipo A2, primera etapa Aguascalientes-E.C. a Salto de los Salado tramo KM 6+130 AL 9+200, Aguascalientes, Ags Para la Secretar\u00eda de Infraestructura y Comunicaciones, del Gobierno del Estado de Aguascalientes, en el a\u00f1o 2014 ($19&#8217;882,815.14 incluye IVA) (contrato PRORE 28080-068-13 del 27 de diciembre de 2013, con per\u00edodo de ejecuci\u00f3n del 28 de marzo de 2014 al 24 de agosto de 2014)<\/p>\n<p>&#8211; TERRACERIAS<br \/>\n&#8211; OBRAS DE DRENAJE<br \/>\n&#8211; BASE HIDR\u00c1ULICA<br \/>\n&#8211; RIEGO DE IMPREGNACION<br \/>\n&#8211; RIEGO DE LIGA<br \/>\n&#8211; CARPETA DE CONCRETO ASF\u00c1LTICO DE GRANULOMETR\u00cdA DENSA<br \/>\n&#8211; SE\u00d1ALAMIENTO<\/p>\n","protected":false},"featured_media":0,"template":"","meta":[],"product_cat":[170,178],"product_tag":[],"class_list":{"0":"post-13964","1":"product","2":"type-product","3":"status-publish","5":"product_cat-mantenimiento","6":"product_cat-urbanizacion","8":"first","9":"instock","10":"shipping-taxable","11":"product-type-simple"},"_links":{"self":[{"href":"https:\/\/racco.mx\/index.php?rest_route=\/wp\/v2\/product\/13964","targetHints":{"allow":["GET"]}}],"collection":[{"href":"https:\/\/racco.mx\/index.php?rest_route=\/wp\/v2\/product"}],"about":[{"href":"https:\/\/racco.mx\/index.php?rest_route=\/wp\/v2\/types\/product"}],"wp:attachment":[{"href":"https:\/\/racco.mx\/index.php?rest_route=%2Fwp%2Fv2%2Fmedia&parent=13964"}],"wp:term":[{"taxonomy":"product_cat","embeddable":true,"href":"https:\/\/racco.mx\/index.php?rest_route=%2Fwp%2Fv2%2Fproduct_cat&post=13964"},{"taxonomy":"product_tag","embeddable":true,"href":"https:\/\/racco.mx\/index.php?rest_route=%2Fwp%2Fv2%2Fproduct_tag&post=13964"}],"curies":[{"name":"wp","href":"https:\/\/api.w.org\/{rel}","templated":true}]}}