{"id":13968,"date":"2022-04-21T20:52:42","date_gmt":"2022-04-21T20:52:42","guid":{"rendered":"https:\/\/racco.mx\/?post_type=product&#038;p=13968"},"modified":"2022-04-21T20:58:38","modified_gmt":"2022-04-21T20:58:38","slug":"pavimentos-guarniciones-y-banquetas-calle-av-cultura-otomi","status":"publish","type":"product","link":"https:\/\/racco.mx\/?product=pavimentos-guarniciones-y-banquetas-calle-av-cultura-otomi","title":{"rendered":"Pavimentos, Guarniciones y Banquetas Calle Av. Cultura Otomi"},"content":{"rendered":"<p>SECRETARIA DE INFRAESTRUCTURA Y COMUNICACIONES DEL GOBIERNO DEL ESTADO DE AGUASCALIENTES<\/p>\n<p>MUNICIPIO DE AGUASCALIENTES, ESTADO DE AGUASCALIENTES<\/p>\n","protected":false},"excerpt":{"rendered":"<p>Pavimentos, Guarniciones y Banquetas Calle Av. Cultura Otomi, Calzada Poniente tramo Norte, Cultura Chichimeca (Santa Valeria) Fracc. Los Pericos, Aguascalientes, Ags. Para la Secretar\u00eda de Infraestructura y Comunicaciones, del Gobierno del Estado de Aguascalientes, en el a\u00f1o 2014 ($4&#8217;374,651.06 incluye IVA) (contrato PRORE 28052-037-13 del 27 de diciembre de 2013), con per\u00edodo de ejecuci\u00f3n del 15 de febrero de 2014 al 14 de junio de 2014<\/p>\n<p>-TERRACERIAS<br \/>\n&#8211; OBRAS DE DRENAJE<br \/>\n&#8211; SUB-BASE HIDR\u00c1ULICA ESTABILIZADA CON CEMENTO GRIS<br \/>\n-PAVIMENTO DE CONCRETO HIDR\u00c1ULICO DE 15 CM. DE ESPESOR<br \/>\n&#8211; TRABAJOS DIVERSOS<br \/>\n-SE\u00d1ALAMIENTOS<br \/>\n&#8211; LIMPIEZA FINAL DE OBRA<\/p>\n","protected":false},"featured_media":0,"template":"","meta":[],"product_cat":[174,173,178],"product_tag":[],"class_list":{"0":"post-13968","1":"product","2":"type-product","3":"status-publish","5":"product_cat-personal","6":"product_cat-planeacion","7":"product_cat-urbanizacion","9":"first","10":"instock","11":"shipping-taxable","12":"product-type-simple"},"_links":{"self":[{"href":"https:\/\/racco.mx\/index.php?rest_route=\/wp\/v2\/product\/13968","targetHints":{"allow":["GET"]}}],"collection":[{"href":"https:\/\/racco.mx\/index.php?rest_route=\/wp\/v2\/product"}],"about":[{"href":"https:\/\/racco.mx\/index.php?rest_route=\/wp\/v2\/types\/product"}],"wp:attachment":[{"href":"https:\/\/racco.mx\/index.php?rest_route=%2Fwp%2Fv2%2Fmedia&parent=13968"}],"wp:term":[{"taxonomy":"product_cat","embeddable":true,"href":"https:\/\/racco.mx\/index.php?rest_route=%2Fwp%2Fv2%2Fproduct_cat&post=13968"},{"taxonomy":"product_tag","embeddable":true,"href":"https:\/\/racco.mx\/index.php?rest_route=%2Fwp%2Fv2%2Fproduct_tag&post=13968"}],"curies":[{"name":"wp","href":"https:\/\/api.w.org\/{rel}","templated":true}]}}