{"id":13977,"date":"2022-04-22T15:25:53","date_gmt":"2022-04-22T15:25:53","guid":{"rendered":"https:\/\/racco.mx\/?post_type=product&#038;p=13977"},"modified":"2022-04-22T15:32:28","modified_gmt":"2022-04-22T15:32:28","slug":"pavimentos-guarniciones-y-banquetas-calles-jesus-lopez-martinez","status":"publish","type":"product","link":"https:\/\/racco.mx\/?product=pavimentos-guarniciones-y-banquetas-calles-jesus-lopez-martinez","title":{"rendered":"Pavimentos, Guarniciones y Banquetas Calles Jes\u00fas L\u00f3pez Mart\u00ednez"},"content":{"rendered":"<p>SECRETARIA DE INFRAESTRUCTURA Y COMUNICACIONES DEL GOBIERNO DEL ESTADO DE AGUASCALIENTES<\/p>\n<p>MUNICIPIO DE JESUS MARIA, ESTADO DE AGUASCALIENTES<\/p>\n","protected":false},"excerpt":{"rendered":"<p>Pavimentos, Guarniciones y Banquetas Calles Jes\u00fas L\u00f3pez Mart\u00ednez, Genovebo Rivera, Roman Loera, Luis G\u00f3mez Esparza, Clemente Ponce, Margaritas y Domingo G\u00f3mez, Jes\u00fas Mar\u00eda, Ags.. Para la Secretar\u00eda de Infraestructura y Comunicaciones, del Gobierno del Estado de Aguascalientes, en el a\u00f1o 2014 ($4&#8217;478,152.91 incluye IVA) (contrato PRORE 28054-039-13 del 27 de diciembre de 2013), con per\u00edodo de ejecuci\u00f3n del 15 de febrero de 2014 al 14 de junio de 2014<\/p>\n<p>-TERRACERIAS<br \/>\n&#8211; OBRAS DE DRENAJE<br \/>\n&#8211; SUB-BASE HIDR\u00c1ULICA ESTABILIZADA CON CEMENTOGRIS<br \/>\n&#8211; PAVIMENTO DE CONCRETOHIDR\u00c1ULICO DE 15 CM. DE<br \/>\n&#8211; TRABAJOS DIVERSOS<br \/>\n&#8211; LIMPIEZA FINAL DE OBRA<\/p>\n","protected":false},"featured_media":0,"template":"","meta":[],"product_cat":[174,173,178],"product_tag":[],"class_list":{"0":"post-13977","1":"product","2":"type-product","3":"status-publish","5":"product_cat-personal","6":"product_cat-planeacion","7":"product_cat-urbanizacion","9":"first","10":"instock","11":"shipping-taxable","12":"product-type-simple"},"_links":{"self":[{"href":"https:\/\/racco.mx\/index.php?rest_route=\/wp\/v2\/product\/13977","targetHints":{"allow":["GET"]}}],"collection":[{"href":"https:\/\/racco.mx\/index.php?rest_route=\/wp\/v2\/product"}],"about":[{"href":"https:\/\/racco.mx\/index.php?rest_route=\/wp\/v2\/types\/product"}],"wp:attachment":[{"href":"https:\/\/racco.mx\/index.php?rest_route=%2Fwp%2Fv2%2Fmedia&parent=13977"}],"wp:term":[{"taxonomy":"product_cat","embeddable":true,"href":"https:\/\/racco.mx\/index.php?rest_route=%2Fwp%2Fv2%2Fproduct_cat&post=13977"},{"taxonomy":"product_tag","embeddable":true,"href":"https:\/\/racco.mx\/index.php?rest_route=%2Fwp%2Fv2%2Fproduct_tag&post=13977"}],"curies":[{"name":"wp","href":"https:\/\/api.w.org\/{rel}","templated":true}]}}