{"id":13978,"date":"2022-04-22T15:33:19","date_gmt":"2022-04-22T15:33:19","guid":{"rendered":"https:\/\/racco.mx\/?post_type=product&#038;p=13978"},"modified":"2022-04-22T15:42:03","modified_gmt":"2022-04-22T15:42:03","slug":"modernizacion-concepcion-de-buenos-aires","status":"publish","type":"product","link":"https:\/\/racco.mx\/?product=modernizacion-concepcion-de-buenos-aires","title":{"rendered":"Modernizaci\u00f3n concepci\u00f3n de buenos aires"},"content":{"rendered":"<p>SECRETARIA DE COMUNICACIONES Y TRANSPORTES, CENTRO SCT JALISCO<\/p>\n<p>MUNICIPIO DE TEOCUITATLAN DE CORONA, ESTADO DE JALISCO<\/p>\n","protected":false},"excerpt":{"rendered":"<p>Modernizaci\u00f3n mediante la construcci\u00f3n de terracer\u00edas, obras de drenaje, pavimentaci\u00f3n, estructuras, obras complementarias y se\u00f1alamiento de 5 kil\u00f3metros del camino Concepci\u00f3n de Buenos Aires &#8211; Santa Rosa &#8211; Teocuitatl\u00e1n de Corona, tramo: del km. 10+000 al km. 15+000, ubicado en el municipio de<br \/>\nTeocuitatl\u00e1n de Corona, en el estado de Jalisco. Para la Secretar\u00eda de Comunicaciones y Transportes, Centro SCT Jalisco en el a\u00f1o 2014 ($16&#8217;686,697.24 incluye IVA) (contrato 2014-14- CF-A-049-W-00-2014 de fecha 07 de febrero de 2014), con per\u00edodo de ejecuci\u00f3n del 15 de febrero de 2014 al 14 de octubre de 2014<\/p>\n<p>&#8211; TERRACERIAS<br \/>\n&#8211; OBRAS DE DRENAJE Y SUBDRENAJE<br \/>\n&#8211; ESTRUCTURAS<br \/>\n&#8211; BASE HIDR\u00c1ULICA<br \/>\n&#8211; RIEGO DE IMPREGNACION<br \/>\n&#8211; CARPETA DE CONCRETO ASFALTICO DE 4 CENT\u00cdMETROS DE ESPESOR CICL\u00d3PEO EN EMPEDRADO DE<br \/>\n&#8211; SE\u00d1ALAMIENTO<\/p>\n<p>&#8211; RIEGO DE LIGA<\/p>\n<p>&#8211; CONCRETO HIDRAULICO<\/p>\n","protected":false},"featured_media":0,"template":"","meta":[],"product_cat":[174,178],"product_tag":[],"class_list":{"0":"post-13978","1":"product","2":"type-product","3":"status-publish","5":"product_cat-personal","6":"product_cat-urbanizacion","8":"first","9":"instock","10":"shipping-taxable","11":"product-type-simple"},"_links":{"self":[{"href":"https:\/\/racco.mx\/index.php?rest_route=\/wp\/v2\/product\/13978","targetHints":{"allow":["GET"]}}],"collection":[{"href":"https:\/\/racco.mx\/index.php?rest_route=\/wp\/v2\/product"}],"about":[{"href":"https:\/\/racco.mx\/index.php?rest_route=\/wp\/v2\/types\/product"}],"wp:attachment":[{"href":"https:\/\/racco.mx\/index.php?rest_route=%2Fwp%2Fv2%2Fmedia&parent=13978"}],"wp:term":[{"taxonomy":"product_cat","embeddable":true,"href":"https:\/\/racco.mx\/index.php?rest_route=%2Fwp%2Fv2%2Fproduct_cat&post=13978"},{"taxonomy":"product_tag","embeddable":true,"href":"https:\/\/racco.mx\/index.php?rest_route=%2Fwp%2Fv2%2Fproduct_tag&post=13978"}],"curies":[{"name":"wp","href":"https:\/\/api.w.org\/{rel}","templated":true}]}}