{"id":13985,"date":"2022-04-22T17:11:21","date_gmt":"2022-04-22T17:11:21","guid":{"rendered":"https:\/\/racco.mx\/?post_type=product&#038;p=13985"},"modified":"2022-04-22T17:15:28","modified_gmt":"2022-04-22T17:15:28","slug":"modernizacion-a-carretera-alimentadora-magdalena-etzatlan","status":"publish","type":"product","link":"https:\/\/racco.mx\/?product=modernizacion-a-carretera-alimentadora-magdalena-etzatlan","title":{"rendered":"Modernizaci\u00f3n a carretera alimentadora Magdalena &#8211; Etzatl\u00e1n"},"content":{"rendered":"<p>SECRETARIA DE COMUNICACIONES Y TRANSPORTES, CENTRO SCT JALISCO<\/p>\n<p>MUNICIPIO DE ETZATL\u00c1N, ESTADO DE JALISCO<\/p>\n","protected":false},"excerpt":{"rendered":"<p>Modernizaci\u00f3n mediante la ampliaci\u00f3n de terracer\u00edas, obras de drenaje, pavimentaci\u00f3n, estructuras, obras complementarias y se\u00f1alamiento de 3.5 kil\u00f3metros de la carretera alimentadora Magdalena &#8211; Etzatl\u00e1n, tramo: del km. 10+500 al km. 14+000, ubicado en el municipio de Etzatl\u00e1n, en el estado de Jalisco. Para la Secretar\u00eda de Comunicaciones y Transportes, Centro SCT Jalisco en el a\u00f1o 2013<br \/>\n($14&#8217;014,580.39 incluye IVA) (contrato 3-N-CF-A534-W-0-3 de fecha 10 de abril de 2013), con<br \/>\nper\u00edodo de ejecuci\u00f3n del 15 de abril de 2013 al 15 de octubre de 2013)<\/p>\n<p>&#8211; TERRACERIAS<br \/>\n&#8211; OBRAS DE DRENAJE Y SUBDRENAJE<br \/>\n&#8211; ESTRUCTURAS<br \/>\n&#8211; RECUPERACION DE PAVIMENTOS ASF\u00c1LTICOS<br \/>\n&#8211; BACHEO PROFUNDO AISLADO<br \/>\n&#8211; BASE HIDR\u00c1ULICA<br \/>\n&#8211; RIEGO DE IMPREGNACION<br \/>\n&#8211; RIEGO DE LIGA<br \/>\n&#8211; CARPETA DE CONCRETO ASF\u00c1LTICO DE 5 CENT\u00cdMETROS DE ESPESOR<br \/>\n&#8211; SE\u00d1ALAMIENTO<\/p>\n","protected":false},"featured_media":0,"template":"","meta":[],"product_cat":[174,178],"product_tag":[],"class_list":{"0":"post-13985","1":"product","2":"type-product","3":"status-publish","5":"product_cat-personal","6":"product_cat-urbanizacion","8":"first","9":"instock","10":"shipping-taxable","11":"product-type-simple"},"_links":{"self":[{"href":"https:\/\/racco.mx\/index.php?rest_route=\/wp\/v2\/product\/13985","targetHints":{"allow":["GET"]}}],"collection":[{"href":"https:\/\/racco.mx\/index.php?rest_route=\/wp\/v2\/product"}],"about":[{"href":"https:\/\/racco.mx\/index.php?rest_route=\/wp\/v2\/types\/product"}],"wp:attachment":[{"href":"https:\/\/racco.mx\/index.php?rest_route=%2Fwp%2Fv2%2Fmedia&parent=13985"}],"wp:term":[{"taxonomy":"product_cat","embeddable":true,"href":"https:\/\/racco.mx\/index.php?rest_route=%2Fwp%2Fv2%2Fproduct_cat&post=13985"},{"taxonomy":"product_tag","embeddable":true,"href":"https:\/\/racco.mx\/index.php?rest_route=%2Fwp%2Fv2%2Fproduct_tag&post=13985"}],"curies":[{"name":"wp","href":"https:\/\/api.w.org\/{rel}","templated":true}]}}