{"id":13986,"date":"2022-04-22T17:15:45","date_gmt":"2022-04-22T17:15:45","guid":{"rendered":"https:\/\/racco.mx\/?post_type=product&#038;p=13986"},"modified":"2022-04-22T17:20:41","modified_gmt":"2022-04-22T17:20:41","slug":"mejoramiento-del-entronque-a-nivel-los-asmoles","status":"publish","type":"product","link":"https:\/\/racco.mx\/?product=mejoramiento-del-entronque-a-nivel-los-asmoles","title":{"rendered":"Mejoramiento del entronque a nivel \u00abLos Asmoles\u00bb"},"content":{"rendered":"<p>SECRETARIA DE COMUNICACIONES Y TRANSPORTES, CENTRO SCT COLIMA<\/p>\n<p>CARRETERA COLIMATECOMAN KM. 14+900, ESTADO DE COLIMA<\/p>\n","protected":false},"excerpt":{"rendered":"<p>Mejoramiento del entronque a nivel \u00abLos Asmoles\u00bb, mediante modificacion geometrica, km. 14+900, tramo Colima-Tecoman, carretera Colima-Tecoman, en el estado de Colima. Para la Secretar\u00eda de Comunicaciones y Transportes, Centro SCT Colima, en el a\u00f1o 2013 ($4&#8217;999,622.69 incluye IVA) (contrato 3-F-CB-A536-W-0-3 de fecha 17 de julio de 2013), con per\u00edodo de ejecuci\u00f3n del 07 de agosto de 2013 al 08 de diciembre de 2013)<\/p>\n<p>&#8211; BASE HIDRAULICA<br \/>\n&#8211; TERRACERIAS<br \/>\n&#8211; OBRAS DE DRENAJE<br \/>\n&#8211; SUB-BASE HIDR\u00c1ULICA<br \/>\n&#8211; RIEGO DE IMPREGNACION<br \/>\n&#8211; RIEGO DE LIGA<br \/>\n&#8211; CARPETA DE CONCRETO ASF\u00c1LTICO DE 10 CENT\u00cdMETROS DE ESPESOR<br \/>\n&#8211; SE\u00d1ALAMIENTO<\/p>\n","protected":false},"featured_media":0,"template":"","meta":[],"product_cat":[170,174],"product_tag":[],"class_list":{"0":"post-13986","1":"product","2":"type-product","3":"status-publish","5":"product_cat-mantenimiento","6":"product_cat-personal","8":"first","9":"instock","10":"shipping-taxable","11":"product-type-simple"},"_links":{"self":[{"href":"https:\/\/racco.mx\/index.php?rest_route=\/wp\/v2\/product\/13986","targetHints":{"allow":["GET"]}}],"collection":[{"href":"https:\/\/racco.mx\/index.php?rest_route=\/wp\/v2\/product"}],"about":[{"href":"https:\/\/racco.mx\/index.php?rest_route=\/wp\/v2\/types\/product"}],"wp:attachment":[{"href":"https:\/\/racco.mx\/index.php?rest_route=%2Fwp%2Fv2%2Fmedia&parent=13986"}],"wp:term":[{"taxonomy":"product_cat","embeddable":true,"href":"https:\/\/racco.mx\/index.php?rest_route=%2Fwp%2Fv2%2Fproduct_cat&post=13986"},{"taxonomy":"product_tag","embeddable":true,"href":"https:\/\/racco.mx\/index.php?rest_route=%2Fwp%2Fv2%2Fproduct_tag&post=13986"}],"curies":[{"name":"wp","href":"https:\/\/api.w.org\/{rel}","templated":true}]}}