{"id":13987,"date":"2022-04-25T15:20:09","date_gmt":"2022-04-25T15:20:09","guid":{"rendered":"https:\/\/racco.mx\/?post_type=product&#038;p=13987"},"modified":"2022-04-25T15:56:48","modified_gmt":"2022-04-25T15:56:48","slug":"mejoramiento-del-entronque-a-nivel-los-asmoles-copia","status":"publish","type":"product","link":"https:\/\/racco.mx\/?product=mejoramiento-del-entronque-a-nivel-los-asmoles-copia","title":{"rendered":"Construcci\u00f3n del paso superior de FFCC en carretera: Vi\u00f1edos Rivier- San Marcos"},"content":{"rendered":"<p>SECRETARIA DE COMUNICACIONES Y TRANSPORTES, CENTRO SCT AGUASCALIENTES<\/p>\n<p>CARRETERA RIVIERSAN MARCOS KM. 1+254, EN EL ESTADO DE AGUASCALIENTES<\/p>\n","protected":false},"excerpt":{"rendered":"<p>Construcci\u00f3n del paso superior de FFCC en carretera: Vi\u00f1edos Rivier- San Marcos (carretera federal N\u00b0 25 ), km 1+254. trabajos consistentes en terracer\u00edas, obras de drenaje, pavimento, obras complementarias, se\u00f1alamiento, obra inducida y estructuras, en el estado de Aguascalientes. Para la Secretar\u00eda de Comunicaciones y Transportes, Centro SCT Aguascalientes, en el a\u00f1o 2013 ($35\u2019367,945.42 incluye IVA) (contrato 3-A-CE-A-525-W-0-3 del 03 de mayo de 2013, con per\u00edodo de ejecuci\u00f3n del 08 de mayo de 2013 al 11 de diciembre de 2013)<\/p>\n<p>&#8211; TERRACERIAS<br \/>\n&#8211; OBRAS DE DRENAJE<br \/>\n&#8211; SUB-BASE<br \/>\n&#8211; MUROS MECANICAMENTE ESTABILIZADOS<br \/>\n&#8211; BASE ASFALTICA<br \/>\n&#8211; RIEGO DE IMPREGNACION<br \/>\n&#8211; CARPETA CON CONCRETO ASFALTICO<br \/>\n&#8211; INFRAESTRUCTURA (PILOTES DE CONCRETO HIDR.)<br \/>\n&#8211; SUBESTRUCTURA (PILAS DE CONCRETO HIDRAULICO)<br \/>\n&#8211; SUPERESTRUCTURA (TRABES DE CONCRETO PRETENSADAS)<br \/>\n&#8211; PAVIMENTO, GUARNICIONES Y BANQUETAS.<br \/>\n&#8211; LINEAS ELECTRICAS DE CFE.<br \/>\n&#8211; ACCESOS<br \/>\n&#8211; MEDIDAS DE PREVENCION Y MITIGACION DE IMPACTO AMBIENTAL &#8211; OBRAS COMPLEMENTARIAS<br \/>\n&#8211; SE\u00d1ALAMIENTO<\/p>\n","protected":false},"featured_media":13988,"template":"","meta":[],"product_cat":[170,174,173,177,178],"product_tag":[],"class_list":{"0":"post-13987","1":"product","2":"type-product","3":"status-publish","4":"has-post-thumbnail","6":"product_cat-mantenimiento","7":"product_cat-personal","8":"product_cat-planeacion","9":"product_cat-tecnologias-de-punta","10":"product_cat-urbanizacion","12":"first","13":"instock","14":"shipping-taxable","15":"product-type-simple"},"_links":{"self":[{"href":"https:\/\/racco.mx\/index.php?rest_route=\/wp\/v2\/product\/13987","targetHints":{"allow":["GET"]}}],"collection":[{"href":"https:\/\/racco.mx\/index.php?rest_route=\/wp\/v2\/product"}],"about":[{"href":"https:\/\/racco.mx\/index.php?rest_route=\/wp\/v2\/types\/product"}],"wp:featuredmedia":[{"embeddable":true,"href":"https:\/\/racco.mx\/index.php?rest_route=\/wp\/v2\/media\/13988"}],"wp:attachment":[{"href":"https:\/\/racco.mx\/index.php?rest_route=%2Fwp%2Fv2%2Fmedia&parent=13987"}],"wp:term":[{"taxonomy":"product_cat","embeddable":true,"href":"https:\/\/racco.mx\/index.php?rest_route=%2Fwp%2Fv2%2Fproduct_cat&post=13987"},{"taxonomy":"product_tag","embeddable":true,"href":"https:\/\/racco.mx\/index.php?rest_route=%2Fwp%2Fv2%2Fproduct_tag&post=13987"}],"curies":[{"name":"wp","href":"https:\/\/api.w.org\/{rel}","templated":true}]}}