{"id":13993,"date":"2022-04-25T16:05:50","date_gmt":"2022-04-25T16:05:50","guid":{"rendered":"https:\/\/racco.mx\/?post_type=product&#038;p=13993"},"modified":"2022-04-25T16:07:46","modified_gmt":"2022-04-25T16:07:46","slug":"modernizacion-y-ampliacion-de-la-carretera-vinedos-ribier-san-marcos","status":"publish","type":"product","link":"https:\/\/racco.mx\/?product=modernizacion-y-ampliacion-de-la-carretera-vinedos-ribier-san-marcos","title":{"rendered":"Modernizaci\u00f3n y ampliaci\u00f3n de la carretera vi\u00f1edos Ribier &#8211; San Marcos"},"content":{"rendered":"<p>SECRETARIA DE COMUNICACIONES Y TRANSPORTES, CENTRO SCT AGUASCALIENTES<\/p>\n<p>CARRETERA RIVIERSAN MARCOS, EN EL ESTADO DE AGUASCALIENTES<\/p>\n","protected":false},"excerpt":{"rendered":"<p>Modernizaci\u00f3n y ampliaci\u00f3n de la carretera vi\u00f1edos Ribier &#8211; San Marcos, (carretera federal 25), subtramo del km. 20+000 al km. 25+000, trabajos consistentes en terracerias, obras de drenaje, pavimento, obras complementarias, se\u00f1alamiento, obra inducida y estructuras, en el estado de Aguascalientes. Para la Secretar\u00eda de Comunicaciones y Transportes, Centro SCT Aguascalientes, en el a\u00f1o 2013 ($45\u2019846,411.33 inc. IVA) (contrato 3-A-CE-A-585-W-0-3 del 13 de septiembre de 2013, con per\u00edodo de ejecuci\u00f3n del 24 de septiembre de 2013 al 31 de diciembre de 2013)<\/p>\n<p>&#8211; TERRACERIAS,<br \/>\n&#8211; OBRAS DE DRENAJE<br \/>\n&#8211; SUB-RASANTE<br \/>\n&#8211; BASE HIDR\u00c1ULICA<br \/>\n&#8211; RIEGO DE IMPREGNACION CON EMULSION ASFALTICA<br \/>\n&#8211; RIEGO DE LIGA CON EMULSION ASFALTICA<br \/>\n&#8211; PAVIMENTACION CON CONCRETO ASFALTICO GRADO PG 76-22<br \/>\n&#8211; TRABAJOS DIVERSOS<br \/>\n&#8211; SE\u00d1ALIZACION<br \/>\n&#8211; CUMPLIMIENTO EN MATERIA DE IMPACTO AMBIENTAL<\/p>\n","protected":false},"featured_media":13994,"template":"","meta":[],"product_cat":[169,170,174,173,178],"product_tag":[],"class_list":{"0":"post-13993","1":"product","2":"type-product","3":"status-publish","4":"has-post-thumbnail","6":"product_cat-innovacion","7":"product_cat-mantenimiento","8":"product_cat-personal","9":"product_cat-planeacion","10":"product_cat-urbanizacion","12":"first","13":"instock","14":"shipping-taxable","15":"product-type-simple"},"_links":{"self":[{"href":"https:\/\/racco.mx\/index.php?rest_route=\/wp\/v2\/product\/13993","targetHints":{"allow":["GET"]}}],"collection":[{"href":"https:\/\/racco.mx\/index.php?rest_route=\/wp\/v2\/product"}],"about":[{"href":"https:\/\/racco.mx\/index.php?rest_route=\/wp\/v2\/types\/product"}],"wp:featuredmedia":[{"embeddable":true,"href":"https:\/\/racco.mx\/index.php?rest_route=\/wp\/v2\/media\/13994"}],"wp:attachment":[{"href":"https:\/\/racco.mx\/index.php?rest_route=%2Fwp%2Fv2%2Fmedia&parent=13993"}],"wp:term":[{"taxonomy":"product_cat","embeddable":true,"href":"https:\/\/racco.mx\/index.php?rest_route=%2Fwp%2Fv2%2Fproduct_cat&post=13993"},{"taxonomy":"product_tag","embeddable":true,"href":"https:\/\/racco.mx\/index.php?rest_route=%2Fwp%2Fv2%2Fproduct_tag&post=13993"}],"curies":[{"name":"wp","href":"https:\/\/api.w.org\/{rel}","templated":true}]}}