{"id":14001,"date":"2022-04-25T16:23:04","date_gmt":"2022-04-25T16:23:04","guid":{"rendered":"https:\/\/racco.mx\/?post_type=product&#038;p=14001"},"modified":"2022-04-25T16:25:43","modified_gmt":"2022-04-25T16:25:43","slug":"conservacion-de-la-carretera-estatal-carboneras-villa-juarez","status":"publish","type":"product","link":"https:\/\/racco.mx\/?product=conservacion-de-la-carretera-estatal-carboneras-villa-juarez","title":{"rendered":"Conservaci\u00f3n de la Carretera Estatal Carboneras &#8211; Villa Ju\u00e1rez"},"content":{"rendered":"<p>SECRETARIA DE INFRAESTRUCTURA Y COMUNICACIONES DEL GOBIERNO DEL ESTADO DE AGUASCALIENTES<\/p>\n<p>MUNICIPIO DE AGUASCALIENTES, ESTADO DE AGUASCALIENTES<\/p>\n","protected":false},"excerpt":{"rendered":"<p>Conservaci\u00f3n de la Carretera Estatal Carboneras &#8211; Villa Ju\u00e1rez Tramos km. 0+000 a km. 9+150 y km. 9+500 a km. 17+900, Villa Ju\u00e1rez, Asientos, Ags. Para la Secretar\u00eda de Infraestructura y Comunicaciones, del Gobierno del Estado de Aguascalientes, en el a\u00f1o 2013 ($14\u2019911,483.48 inc. IVA) (contrato Vo.Bo.-0516-181-13 del 29 de noviembre de 2013, con per\u00edodo de ejecuci\u00f3n del 30 de noviembre de 2013 al 20 de diciembre de 2013)<\/p>\n<p>&#8211; BACHEO SUPERFICIAL DEL PAVIMENTO EXISTENTE CON MEZCLA\u00a0 ASFALTICA HECHA EN<br \/>\nPLANTA EN CALIENTE<br \/>\n&#8211; RENIVELACIONES LOCALES DE PAVIMENTO EXISTENTE CON MEZCLA ASFALTICAHECHA EN PLANTA<br \/>\n&#8211; RIEGO DE LIGA CON EMULSION ASFALTICA<br \/>\n&#8211; CARPETA DE CONCRETO ASF\u00c1LTICO DE GRANULOMETR\u00cdA DENSA<br \/>\n&#8211; SE\u00d1ALIZACION<\/p>\n","protected":false},"featured_media":0,"template":"","meta":[],"product_cat":[170,174,173,178],"product_tag":[],"class_list":{"0":"post-14001","1":"product","2":"type-product","3":"status-publish","5":"product_cat-mantenimiento","6":"product_cat-personal","7":"product_cat-planeacion","8":"product_cat-urbanizacion","10":"first","11":"instock","12":"shipping-taxable","13":"product-type-simple"},"_links":{"self":[{"href":"https:\/\/racco.mx\/index.php?rest_route=\/wp\/v2\/product\/14001","targetHints":{"allow":["GET"]}}],"collection":[{"href":"https:\/\/racco.mx\/index.php?rest_route=\/wp\/v2\/product"}],"about":[{"href":"https:\/\/racco.mx\/index.php?rest_route=\/wp\/v2\/types\/product"}],"wp:attachment":[{"href":"https:\/\/racco.mx\/index.php?rest_route=%2Fwp%2Fv2%2Fmedia&parent=14001"}],"wp:term":[{"taxonomy":"product_cat","embeddable":true,"href":"https:\/\/racco.mx\/index.php?rest_route=%2Fwp%2Fv2%2Fproduct_cat&post=14001"},{"taxonomy":"product_tag","embeddable":true,"href":"https:\/\/racco.mx\/index.php?rest_route=%2Fwp%2Fv2%2Fproduct_tag&post=14001"}],"curies":[{"name":"wp","href":"https:\/\/api.w.org\/{rel}","templated":true}]}}