{"id":14003,"date":"2022-04-25T16:59:21","date_gmt":"2022-04-25T16:59:21","guid":{"rendered":"https:\/\/racco.mx\/?post_type=product&#038;p=14003"},"modified":"2022-04-25T16:59:22","modified_gmt":"2022-04-25T16:59:22","slug":"construccion-de-calzadas-laterales-carretera-federal-no-45-sur-leon","status":"publish","type":"product","link":"https:\/\/racco.mx\/?product=construccion-de-calzadas-laterales-carretera-federal-no-45-sur-leon","title":{"rendered":"Construcci\u00f3n de calzadas laterales Carretera Federal No. 45 sur Le\u00f3n"},"content":{"rendered":"<p>SECRETARIA DE INFRAESTRUCTURA Y COMUNICACIONES DEL GOBIERNO DEL ESTADO DE AGUASCALIENTES<\/p>\n<p>MUNICIPIO DE AGUASCALIENTES, ESTADO DE AGUASCALIENTES<\/p>\n","protected":false},"excerpt":{"rendered":"<p>Construcci\u00f3n de calzadas laterales Carretera Federal No. 45 sur Le\u00f3n &#8211; Aguascalientes\u201d, ubicada en el municipio de Aguascalientes, Estado de Aguascalientes. Para la Secretar\u00eda de Infraestructura y Comunicaciones, del Gobierno del Estado de Aguascalientes, en el a\u00f1o 2013 ($20&#8217;634,328.97 incluye IVA) (contrato FOES-001- 001-13 del 13 de febrero de 2013, con per\u00edodo de ejecuci\u00f3n del 09 de marzo de 2013 al 12 de agosto de 2013)<\/p>\n<p>&#8211; TERRACERIAS<br \/>\n&#8211; OBRAS DE DRENAJE<br \/>\n&#8211; BASE HIDR\u00c1ULICA<br \/>\n&#8211; RIEGO DE LIGA<br \/>\n&#8211; CARPETA DE CONCRETO ASF\u00c1LTICO DE GRANULOMETR\u00cdA DENSA<br \/>\n&#8211; CARPETA ASF\u00c1LTICA ULTRADELGADA DE 2.5 CM. DE ESPESOR<br \/>\n&#8211; REUBICACI\u00d3N DE L\u00cdNEAS DE ENERG\u00cdA EL\u00c9CTRICA<br \/>\n&#8211; ALCANTARILLADO PLUVIAL DE 1.22 M. DE DI\u00c1METRO<br \/>\n&#8211; ALCANTARILLADO SANITARIO DE 0.45 M. DE DI\u00c1METRO<br \/>\n&#8211; SE\u00d1ALAMIENTO<br \/>\n&#8211; LIMPIEZA FINAL DE OBRA<\/p>\n","protected":false},"featured_media":14004,"template":"","meta":[],"product_cat":[170,174,173,178],"product_tag":[],"class_list":{"0":"post-14003","1":"product","2":"type-product","3":"status-publish","4":"has-post-thumbnail","6":"product_cat-mantenimiento","7":"product_cat-personal","8":"product_cat-planeacion","9":"product_cat-urbanizacion","11":"first","12":"instock","13":"shipping-taxable","14":"product-type-simple"},"_links":{"self":[{"href":"https:\/\/racco.mx\/index.php?rest_route=\/wp\/v2\/product\/14003","targetHints":{"allow":["GET"]}}],"collection":[{"href":"https:\/\/racco.mx\/index.php?rest_route=\/wp\/v2\/product"}],"about":[{"href":"https:\/\/racco.mx\/index.php?rest_route=\/wp\/v2\/types\/product"}],"wp:featuredmedia":[{"embeddable":true,"href":"https:\/\/racco.mx\/index.php?rest_route=\/wp\/v2\/media\/14004"}],"wp:attachment":[{"href":"https:\/\/racco.mx\/index.php?rest_route=%2Fwp%2Fv2%2Fmedia&parent=14003"}],"wp:term":[{"taxonomy":"product_cat","embeddable":true,"href":"https:\/\/racco.mx\/index.php?rest_route=%2Fwp%2Fv2%2Fproduct_cat&post=14003"},{"taxonomy":"product_tag","embeddable":true,"href":"https:\/\/racco.mx\/index.php?rest_route=%2Fwp%2Fv2%2Fproduct_tag&post=14003"}],"curies":[{"name":"wp","href":"https:\/\/api.w.org\/{rel}","templated":true}]}}