{"id":14012,"date":"2022-04-25T19:08:59","date_gmt":"2022-04-25T19:08:59","guid":{"rendered":"https:\/\/racco.mx\/?post_type=product&#038;p=14012"},"modified":"2022-04-25T19:15:24","modified_gmt":"2022-04-25T19:15:24","slug":"rehabilitacion-pavimento-de-calles-de-ciudad-industrial","status":"publish","type":"product","link":"https:\/\/racco.mx\/?product=rehabilitacion-pavimento-de-calles-de-ciudad-industrial","title":{"rendered":"Rehabilitaci\u00f3n pavimento de calles de Ciudad Industrial"},"content":{"rendered":"<p>SECRETARIA DE INFRAESTRUCTURA Y COMUNICACIONES DEL GOBIERNO DEL ESTADO DE AGUASCALIENTES<\/p>\n<p>CIUDAD DE AGUASCALIENTES, EDO. DE AGUASCALIENTES<\/p>\n","protected":false},"excerpt":{"rendered":"<p>Rehabilitaci\u00f3n pavimento de calles de Ciudad Industrial, complemento, calles Gregorio Ruiz Velazco, Jos\u00e9 Mar\u00eda Guzm\u00e1n Hern\u00e1ndez y Anselmo L\u00f3pez Ar\u00e1mbula, Cd. Industrial, Aguascalientes, Ags., en el Municipio de Aguascalientes, Estado de Aguascalientes Para la Secretar\u00eda de Infraestructura y Comunicaciones, del Gobierno del Estado de Aguascalientes, en el a\u00f1o 2012 ($7\u2019609,789.78 incluye IVA) (contrato Vo.Bo.-145-063-12 del 24 de octubre de 2012, con per\u00edodo de ejecuci\u00f3n del 24 de noviembre de 2012 al 21 de febrero de 2013)<\/p>\n<p>&#8211; REPARACION DE TRAMOS CORTOS FALLADOS<br \/>\n&#8211; SOBRECARPETA ASFALTICA<br \/>\n&#8211; RECONSTRUCCION DE BASE HIDRAULICA<br \/>\n&#8211; REPOSICION ASFALTICA<br \/>\n&#8211; RENIVELACION REHABILITACION DE INSTALACIONES<br \/>\n&#8211; REHABILITACION DE DRENAJE SANITARIO<br \/>\n&#8211; TRABAJOS DIVERSOS<br \/>\n&#8211; SE\u00d1ALAMIENTO<\/p>\n","protected":false},"featured_media":14013,"template":"","meta":[],"product_cat":[174,173,178],"product_tag":[],"class_list":{"0":"post-14012","1":"product","2":"type-product","3":"status-publish","4":"has-post-thumbnail","6":"product_cat-personal","7":"product_cat-planeacion","8":"product_cat-urbanizacion","10":"first","11":"instock","12":"shipping-taxable","13":"product-type-simple"},"_links":{"self":[{"href":"https:\/\/racco.mx\/index.php?rest_route=\/wp\/v2\/product\/14012","targetHints":{"allow":["GET"]}}],"collection":[{"href":"https:\/\/racco.mx\/index.php?rest_route=\/wp\/v2\/product"}],"about":[{"href":"https:\/\/racco.mx\/index.php?rest_route=\/wp\/v2\/types\/product"}],"wp:featuredmedia":[{"embeddable":true,"href":"https:\/\/racco.mx\/index.php?rest_route=\/wp\/v2\/media\/14013"}],"wp:attachment":[{"href":"https:\/\/racco.mx\/index.php?rest_route=%2Fwp%2Fv2%2Fmedia&parent=14012"}],"wp:term":[{"taxonomy":"product_cat","embeddable":true,"href":"https:\/\/racco.mx\/index.php?rest_route=%2Fwp%2Fv2%2Fproduct_cat&post=14012"},{"taxonomy":"product_tag","embeddable":true,"href":"https:\/\/racco.mx\/index.php?rest_route=%2Fwp%2Fv2%2Fproduct_tag&post=14012"}],"curies":[{"name":"wp","href":"https:\/\/api.w.org\/{rel}","templated":true}]}}