{"id":14019,"date":"2022-04-25T19:36:37","date_gmt":"2022-04-25T19:36:37","guid":{"rendered":"https:\/\/racco.mx\/?post_type=product&#038;p=14019"},"modified":"2022-04-25T19:36:38","modified_gmt":"2022-04-25T19:36:38","slug":"modernizacion-y-ampliacion-de-la-carretera-aguascalientes-jalpa-calvillo-lim","status":"publish","type":"product","link":"https:\/\/racco.mx\/?product=modernizacion-y-ampliacion-de-la-carretera-aguascalientes-jalpa-calvillo-lim","title":{"rendered":"Modernizaci\u00f3n y Ampliaci\u00f3n de la Carretera: Aguascalientes-Jalpa -Calvillo-Lim."},"content":{"rendered":"<p>SECRETARIA DE COMUNICACIONES Y TRANSPORTES, CENTRO SCT AGUASCALIENTES<\/p>\n<p>MUNICIPIO DE CALVILLO, ESTADO DE AGUASCALIENTES<\/p>\n","protected":false},"excerpt":{"rendered":"<p>Modernizaci\u00f3n y Ampliaci\u00f3n de la Carretera: Aguascalientes-Jalpa -Calvillo-Lim. de Edos. Ags.\/Zac. Subtramo del km. 64+000 al 66+200. Trabajos consistentes en Terracer\u00edas, Obras de Drenaje, Pavimento, Obras Complementarias, Se\u00f1alamiento y obra inducida, en el Estado de Aguascalientes. Para la Secretar\u00eda de Comunicaciones y Transportes, Centro SCT Aguascalientes, en el a\u00f1o 2012 ($28\u2019557,143.42 inc. IVA) (contrato 2-A-CE-A-576-W-0-2 del 07 de mayo de 2012, con per\u00edodo de ejecuci\u00f3n del 09 de junio de 2012 al 13 de noviembre del 2012)<\/p>\n<p>&#8211; TERRACERIAS,<br \/>\n&#8211; OBRAS DE DRENAJE<br \/>\n&#8211; SUB-RASANTE<br \/>\n&#8211; BASE<br \/>\n&#8211; RIEGO DE IIMPREGNACION CON EMULSION ASFALTICA<br \/>\n&#8211; RIEGO DE LIGA CON EMULSION ASFALTICA<br \/>\n&#8211; PAVIMENTACION CON CONCRETO ASFALTICO<br \/>\n&#8211; OBRAS INDUCIDAS<br \/>\n&#8211; ESTRUCTURAS<br \/>\n&#8211; SE\u00d1ALIZACION<br \/>\n&#8211; CUMPLIMIENTO EN MATERIA DE IMPACTO AMBIENTAL<\/p>\n","protected":false},"featured_media":14020,"template":"","meta":[],"product_cat":[15],"product_tag":[],"class_list":{"0":"post-14019","1":"product","2":"type-product","3":"status-publish","4":"has-post-thumbnail","6":"product_cat-uncategorized","8":"first","9":"instock","10":"shipping-taxable","11":"product-type-simple"},"_links":{"self":[{"href":"https:\/\/racco.mx\/index.php?rest_route=\/wp\/v2\/product\/14019","targetHints":{"allow":["GET"]}}],"collection":[{"href":"https:\/\/racco.mx\/index.php?rest_route=\/wp\/v2\/product"}],"about":[{"href":"https:\/\/racco.mx\/index.php?rest_route=\/wp\/v2\/types\/product"}],"wp:featuredmedia":[{"embeddable":true,"href":"https:\/\/racco.mx\/index.php?rest_route=\/wp\/v2\/media\/14020"}],"wp:attachment":[{"href":"https:\/\/racco.mx\/index.php?rest_route=%2Fwp%2Fv2%2Fmedia&parent=14019"}],"wp:term":[{"taxonomy":"product_cat","embeddable":true,"href":"https:\/\/racco.mx\/index.php?rest_route=%2Fwp%2Fv2%2Fproduct_cat&post=14019"},{"taxonomy":"product_tag","embeddable":true,"href":"https:\/\/racco.mx\/index.php?rest_route=%2Fwp%2Fv2%2Fproduct_tag&post=14019"}],"curies":[{"name":"wp","href":"https:\/\/api.w.org\/{rel}","templated":true}]}}