{"id":14022,"date":"2022-04-25T19:42:34","date_gmt":"2022-04-25T19:42:34","guid":{"rendered":"https:\/\/racco.mx\/?post_type=product&#038;p=14022"},"modified":"2022-04-25T19:42:34","modified_gmt":"2022-04-25T19:42:34","slug":"construccion-del-boulevard-ponciano-arriaga","status":"publish","type":"product","link":"https:\/\/racco.mx\/?product=construccion-del-boulevard-ponciano-arriaga","title":{"rendered":"Construcci\u00f3n del Boulevard Ponciano Arriaga"},"content":{"rendered":"<p>SECRETARIA DE COMUNICACIONES Y TRANSPORTES, CENTRO SCT SAN LUIS POTOSI<\/p>\n<p>VILLA DE ARRIAGA, EDO. DE SAN LUIS POTOSI<\/p>\n","protected":false},"excerpt":{"rendered":"<p>Construcci\u00f3n del Boulevard Ponciano Arriaga, mediante la construcci\u00f3n de terracer\u00edas, obras de drenaje, pavimento con concreto asf\u00e1ltico, alumbrado y se\u00f1alamiento, del Km. 60+800 al Km. 63+000, tramo: Boulevard Ponciano Arriaga, de la carretera: S.L.P.-Guadalajara, Municipio de Villa de Arriaga, en el Estado de San Luis Potos\u00ed. Para la Secretar\u00eda de Comunicaciones y Transportes, Centro SCT San Luis Potos\u00ed, en el a\u00f1o 2012 ($26\u2019401,708.12 incluye IVA) (contrato 2-X-CF-A-553-W-0-2 del 20 de abril de 2012,con per\u00edodo de ejecuci\u00f3n del 15 de mayo de 2012 al 28 de octubre del 2012<\/p>\n<p>&#8211; RED DE AGUA POTABLE<br \/>\n&#8211; DRENAJE SANITARIO<br \/>\n&#8211; DRENAJE PLUVIAL<br \/>\n&#8211; TERRACERIAS<br \/>\n&#8211; ALUMBRADO PUBLICO<br \/>\n&#8211; BASE HIDRAULICA<br \/>\n&#8211; RIEGO DE IMPREGNACION ON EMULSION ASFALTICA<br \/>\n&#8211; RIEGO DE LIGA CON EMULSION ASFALTICA<br \/>\n&#8211; PAVIMENTACION CON CONCRETO ASFALTICO<br \/>\n&#8211; SE\u00d1ALAMIENTO<\/p>\n","protected":false},"featured_media":14024,"template":"","meta":[],"product_cat":[169,173,177,178],"product_tag":[],"class_list":{"0":"post-14022","1":"product","2":"type-product","3":"status-publish","4":"has-post-thumbnail","6":"product_cat-innovacion","7":"product_cat-planeacion","8":"product_cat-tecnologias-de-punta","9":"product_cat-urbanizacion","11":"first","12":"instock","13":"shipping-taxable","14":"product-type-simple"},"_links":{"self":[{"href":"https:\/\/racco.mx\/index.php?rest_route=\/wp\/v2\/product\/14022","targetHints":{"allow":["GET"]}}],"collection":[{"href":"https:\/\/racco.mx\/index.php?rest_route=\/wp\/v2\/product"}],"about":[{"href":"https:\/\/racco.mx\/index.php?rest_route=\/wp\/v2\/types\/product"}],"wp:featuredmedia":[{"embeddable":true,"href":"https:\/\/racco.mx\/index.php?rest_route=\/wp\/v2\/media\/14024"}],"wp:attachment":[{"href":"https:\/\/racco.mx\/index.php?rest_route=%2Fwp%2Fv2%2Fmedia&parent=14022"}],"wp:term":[{"taxonomy":"product_cat","embeddable":true,"href":"https:\/\/racco.mx\/index.php?rest_route=%2Fwp%2Fv2%2Fproduct_cat&post=14022"},{"taxonomy":"product_tag","embeddable":true,"href":"https:\/\/racco.mx\/index.php?rest_route=%2Fwp%2Fv2%2Fproduct_tag&post=14022"}],"curies":[{"name":"wp","href":"https:\/\/api.w.org\/{rel}","templated":true}]}}