{"id":14025,"date":"2022-04-25T19:56:26","date_gmt":"2022-04-25T19:56:26","guid":{"rendered":"https:\/\/racco.mx\/?post_type=product&#038;p=14025"},"modified":"2022-04-25T19:56:26","modified_gmt":"2022-04-25T19:56:26","slug":"rehabilitacion-del-pavimento-de-la-avenida-aguascalientes","status":"publish","type":"product","link":"https:\/\/racco.mx\/?product=rehabilitacion-del-pavimento-de-la-avenida-aguascalientes","title":{"rendered":"Rehabilitaci\u00f3n del pavimento de la Avenida Aguascalientes"},"content":{"rendered":"<p>SECRETARIA DE COMUNICACIONES Y TRANSPORTES, CENTRO SCT AGUASCALIENTES<\/p>\n<p>MUNICIPIO DEAGUASCALIENTES, ESTADO DE AGUASCALIENTES<\/p>\n","protected":false},"excerpt":{"rendered":"<p>Rehabilitaci\u00f3n del pavimento de la Avenida Aguascalientes, del km. 6+750 (Av. Tecnol\u00f3gico) al km. 11+335 (Av. H\u00e9roe de Nacozari sur), dos cuerpos, en el municipio de Aguascalientes, en el estado de Aguascalientes. Para la Secretar\u00eda de Comunicaciones y Transportes, Centro SCT Aguascalientes, en el a\u00f1o 2012 ($25\u2019647,259.81 incluye IVA) (contrato 2-A-CF-A-536-W-0-2 del 09 de marzo de 2012,con per\u00edodo de ejecuci\u00f3n del 15 de marzo de 2012 al 15 de julio del 2012)<\/p>\n<p>&#8211; RECUPERACION DE PAVIMENTO ASFALTICO<br \/>\n&#8211; RECUPERACION DE BASE HIDRAULICA<br \/>\n&#8211; ESTABILIZACION DE BASE HIDRAULICA CON CEMENTO PORTLAND<br \/>\n&#8211; RIEGO DE IMPREGNACION CON EMULSION ASFALTICA<br \/>\n&#8211; RIEGO CON EMULSION ASFALTICA<br \/>\n&#8211; CARPETA DE CONCRETO ASFALTICO<br \/>\n&#8211; OBRAS DE DRENAJE<br \/>\n&#8211; SE\u00d1ALIZACION<\/p>\n","protected":false},"featured_media":14026,"template":"","meta":[],"product_cat":[169,170,174,173,177,178],"product_tag":[],"class_list":{"0":"post-14025","1":"product","2":"type-product","3":"status-publish","4":"has-post-thumbnail","6":"product_cat-innovacion","7":"product_cat-mantenimiento","8":"product_cat-personal","9":"product_cat-planeacion","10":"product_cat-tecnologias-de-punta","11":"product_cat-urbanizacion","13":"first","14":"instock","15":"shipping-taxable","16":"product-type-simple"},"_links":{"self":[{"href":"https:\/\/racco.mx\/index.php?rest_route=\/wp\/v2\/product\/14025","targetHints":{"allow":["GET"]}}],"collection":[{"href":"https:\/\/racco.mx\/index.php?rest_route=\/wp\/v2\/product"}],"about":[{"href":"https:\/\/racco.mx\/index.php?rest_route=\/wp\/v2\/types\/product"}],"wp:featuredmedia":[{"embeddable":true,"href":"https:\/\/racco.mx\/index.php?rest_route=\/wp\/v2\/media\/14026"}],"wp:attachment":[{"href":"https:\/\/racco.mx\/index.php?rest_route=%2Fwp%2Fv2%2Fmedia&parent=14025"}],"wp:term":[{"taxonomy":"product_cat","embeddable":true,"href":"https:\/\/racco.mx\/index.php?rest_route=%2Fwp%2Fv2%2Fproduct_cat&post=14025"},{"taxonomy":"product_tag","embeddable":true,"href":"https:\/\/racco.mx\/index.php?rest_route=%2Fwp%2Fv2%2Fproduct_tag&post=14025"}],"curies":[{"name":"wp","href":"https:\/\/api.w.org\/{rel}","templated":true}]}}