{"id":14032,"date":"2022-04-25T20:18:33","date_gmt":"2022-04-25T20:18:33","guid":{"rendered":"https:\/\/racco.mx\/?post_type=product&#038;p=14032"},"modified":"2022-04-25T20:19:14","modified_gmt":"2022-04-25T20:19:14","slug":"14032","status":"publish","type":"product","link":"https:\/\/racco.mx\/?product=14032","title":{"rendered":"Rehabilitaci\u00f3n pavimento de calle Julio D\u00edaz Torre y Carolina Villanueva de Garc\u00eda, Cd. Industrial, Aguascalientes"},"content":{"rendered":"<p>SECRETARIA DE INFRAESTRUCTURA Y COMUNICACIONES DEL GOBIERNO DEL ESTADO DE AGUASCALIENTES<\/p>\n<p>CIUDAD DE AGUASCALIENTES, EDO. DE AGUASCALIENTES<\/p>\n","protected":false},"excerpt":{"rendered":"<p>Rehabilitaci\u00f3n pavimento de calle Julio D\u00edaz Torre y Carolina Villanueva de Garc\u00eda, Cd. Industrial, Aguascalientes, Ags., en el Estado de Aguascalientes Para la Secretar\u00eda de Infraestructura y Comunicaciones, del Gobierno del Estado del Aguascalientes, en el a\u00f1o 2011 ($13\u2019742,663.98 incluye IVA) (contrato Vo.Bo.- 207-082-11 del 15 de noviembre de 2011, con per\u00edodo de ejecuci\u00f3n del 06 de diciembre de 2011 al 03 de abril del 2012)<\/p>\n<p>&#8211; TERRACERIAS,<br \/>\n&#8211; SUB-BASE HIDRAULICA<br \/>\n&#8211; BASE HIDRAULICA<br \/>\n&#8211; RIEGO DE IMPREGNACION CON EMULSION ASFALTICA<br \/>\n&#8211; PAVIMENTACION CON CONCRETO ASFALTICO DE 5 CM DE ESPESOR<br \/>\n&#8211; RAMPAS DE CONCRETO HIDR\u00c1ULICO<br \/>\n&#8211; ANDADORES DE CONCRETO HIDR\u00c1ULICO<br \/>\n&#8211; SE\u00d1ALAMIENTO<\/p>\n","protected":false},"featured_media":0,"template":"","meta":[],"product_cat":[170,173,178],"product_tag":[],"class_list":{"0":"post-14032","1":"product","2":"type-product","3":"status-publish","5":"product_cat-mantenimiento","6":"product_cat-planeacion","7":"product_cat-urbanizacion","9":"first","10":"instock","11":"shipping-taxable","12":"product-type-simple"},"_links":{"self":[{"href":"https:\/\/racco.mx\/index.php?rest_route=\/wp\/v2\/product\/14032","targetHints":{"allow":["GET"]}}],"collection":[{"href":"https:\/\/racco.mx\/index.php?rest_route=\/wp\/v2\/product"}],"about":[{"href":"https:\/\/racco.mx\/index.php?rest_route=\/wp\/v2\/types\/product"}],"wp:attachment":[{"href":"https:\/\/racco.mx\/index.php?rest_route=%2Fwp%2Fv2%2Fmedia&parent=14032"}],"wp:term":[{"taxonomy":"product_cat","embeddable":true,"href":"https:\/\/racco.mx\/index.php?rest_route=%2Fwp%2Fv2%2Fproduct_cat&post=14032"},{"taxonomy":"product_tag","embeddable":true,"href":"https:\/\/racco.mx\/index.php?rest_route=%2Fwp%2Fv2%2Fproduct_tag&post=14032"}],"curies":[{"name":"wp","href":"https:\/\/api.w.org\/{rel}","templated":true}]}}